{"id":4236,"date":"2025-04-22T16:30:31","date_gmt":"2025-04-22T20:30:31","guid":{"rendered":"https:\/\/yannfortier.ca\/?page_id=4236"},"modified":"2026-01-20T12:07:33","modified_gmt":"2026-01-20T17:07:33","slug":"formation-ia-demandes-de-subvention","status":"publish","type":"page","link":"https:\/\/yannfortier.ca\/services\/formation-IA-demandes-de-subvention\/","title":{"rendered":"Formation IA pour demandes de subvention"},"content":{"rendered":"<p>[et_pb_section fb_built=&#8221;1&#8243; fullwidth=&#8221;on&#8221; _builder_version=&#8221;4.27.4&#8243; _module_preset=&#8221;default&#8221; global_colors_info=&#8221;{}&#8221;][et_pb_fullwidth_image alt=&#8221;R\u00e9dacteur pigiste et coach en r\u00e9daction \u00e0 Montr\u00e9al&#8221; title_text=&#8221;Yann Fortier est un r\u00e9dacteur pigiste \u00e0 Montr\u00e9al&#8221; admin_label=&#8221;Image en-t\u00eate pleine largeur&#8221; _builder_version=&#8221;4.25.0&#8243; background_image=&#8221;https:\/\/yannfortier.ca\/wp-content\/uploads\/2016\/02\/dome-1.jpg&#8221; parallax=&#8221;on&#8221; min_height=&#8221;336px&#8221; min_height_tablet=&#8221;336px&#8221; min_height_phone=&#8221;300px&#8221; min_height_last_edited=&#8221;on|tablet&#8221; animation_style=&#8221;fade&#8221; animation_duration=&#8221;500ms&#8221; use_border_color=&#8221;off&#8221; global_module=&#8221;3610&#8243; saved_tabs=&#8221;all&#8221; global_colors_info=&#8221;{}&#8221;][\/et_pb_fullwidth_image][et_pb_fullwidth_header title=&#8221;Optimisez vos demandes de subvention gr\u00e2ce \u00e0 l\u2019intelligence artificielle&#8221; subhead=&#8221;La technologie au service de votre d\u00e9marche culturelle&#8221; _builder_version=&#8221;4.27.4&#8243; _module_preset=&#8221;default&#8221; title_font=&#8221;|on|||&#8221; content_font_size=&#8221;24px&#8221; subhead_font_size=&#8221;24px&#8221; background_color=&#8221;#333333&#8243; global_colors_info=&#8221;{}&#8221;][\/et_pb_fullwidth_header][\/et_pb_section][et_pb_section fb_built=&#8221;1&#8243; _builder_version=&#8221;4.27.4&#8243; _module_preset=&#8221;default&#8221; background_color=&#8221;#f5f5f5&#8243; global_colors_info=&#8221;{}&#8221;][et_pb_row _builder_version=&#8221;4.27.4&#8243; _module_preset=&#8221;default&#8221; custom_margin=&#8221;0px||0px||true|false&#8221; custom_padding=&#8221;0px||0px||true|false&#8221; global_colors_info=&#8221;{}&#8221;][et_pb_column type=&#8221;4_4&#8243; _builder_version=&#8221;4.27.4&#8243; _module_preset=&#8221;default&#8221; global_colors_info=&#8221;{}&#8221;][et_pb_text _builder_version=&#8221;4.27.4&#8243; _module_preset=&#8221;default&#8221; text_font_size=&#8221;24px&#8221; global_colors_info=&#8221;{}&#8221;]<\/p>\n<p>Les demandes de subvention occupent une place d\u00e9terminante dans l\u2019\u00e9volution et l\u2019espace culturel du Qu\u00e9bec. Chaque demande approuv\u00e9e concr\u00e9tise des projets, structure et donne vie aux id\u00e9es.<\/p>\n<p>Une demande de subvention performante exige du temps, de la vision, de la rigueur. Pour plusieurs artistes et gestionnaires culturels, cette \u00e9tape repr\u00e9sente une charge importante, imposante, parfois stressante.<\/p>\n<p>Cette formation sp\u00e9cialis\u00e9e vou\u00e9e \u00e0 faciliter les demandes de subventions gr\u00e2ce \u00e0 l\u2019IA propose de transformer cette contrainte en levier. En int\u00e9grant l\u2019intelligence artificielle de mani\u00e8re strat\u00e9gique, vous pourrez all\u00e9ger le processus, sans compromettre la qualit\u00e9 ni la profondeur de vos propos et de votre cr\u00e9ativit\u00e9.<\/p>\n<p>[\/et_pb_text][\/et_pb_column][\/et_pb_row][\/et_pb_section][et_pb_section fb_built=&#8221;1&#8243; _builder_version=&#8221;4.27.4&#8243; _module_preset=&#8221;default&#8221; global_colors_info=&#8221;{}&#8221;][et_pb_row column_structure=&#8221;3_5,2_5&#8243; _builder_version=&#8221;4.27.4&#8243; _module_preset=&#8221;default&#8221; global_colors_info=&#8221;{}&#8221;][et_pb_column type=&#8221;3_5&#8243; _builder_version=&#8221;4.27.4&#8243; _module_preset=&#8221;default&#8221; global_colors_info=&#8221;{}&#8221;][et_pb_text admin_label=&#8221;Ma\u00eetrisez la r\u00e9daction assist\u00e9e par l\u2019IA&#8221; _builder_version=&#8221;4.27.4&#8243; _module_preset=&#8221;default&#8221; header_2_font=&#8221;|700|||||||&#8221; header_3_font=&#8221;|700|||||||&#8221; global_colors_info=&#8221;{}&#8221;]<\/p>\n<h2>Ma\u00eetrisez la r\u00e9daction assist\u00e9e par l\u2019IA<\/h2>\n<p>Guid\u00e9 par <a href=\"\/a-propos\/\">Yann Fortier<\/a>, sp\u00e9cialiste en demandes de subventions, lui-m\u00eame romancier, commissaire d\u2019expositions photographiques et directeur g\u00e9n\u00e9ral de l\u2019Expo World Press Photo Montr\u00e9al, en plus d\u2019\u00eatre r\u00e9dacteur agr\u00e9\u00e9, formateur agr\u00e9\u00e9 et expert en r\u00e9daction avec l\u2019IA g\u00e9n\u00e9rative, vous apprendrez \u00e0 collaborer efficacement avec un agent conversationnel comme ChatGPT, Copilot et Claude.<\/p>\n<p>[\/et_pb_text][et_pb_text admin_label=&#8221;Des contenus ancr\u00e9s dans le r\u00e9el&#8221; _builder_version=&#8221;4.27.4&#8243; _module_preset=&#8221;default&#8221; header_2_font=&#8221;|700|||||||&#8221; header_3_font=&#8221;|700|||||||&#8221; global_colors_info=&#8221;{}&#8221;]<\/p>\n<h2>Des contenus et des modules ancr\u00e9s dans le r\u00e9el<\/h2>\n<p>Loin d\u2019un survol th\u00e9orique, cette formation s\u2019appuie sur des documents authentiques : formulaires, gabarits, exemples de demandes d\u00e9pos\u00e9es. L\u2019approche est immersive, collaborative, adapt\u00e9e aux enjeux du terrain.<\/p>\n<p>[\/et_pb_text][\/et_pb_column][et_pb_column type=&#8221;2_5&#8243; _builder_version=&#8221;4.27.4&#8243; _module_preset=&#8221;default&#8221; global_colors_info=&#8221;{}&#8221;][et_pb_text admin_label=&#8221;Yann Fortier&#8221; _builder_version=&#8221;4.27.4&#8243; _module_preset=&#8221;default&#8221; global_module=&#8221;4216&#8243; global_colors_info=&#8221;{}&#8221;]<\/p>\n<h2><strong>Yann Fortier<\/strong><\/h2>\n<ul>\n<li><a href=\"https:\/\/sqrp.org\/repertoire-des-membres\/membre\/Yann_Fortier\/\" target=\"_blank\" rel=\"noopener\">R\u00e9dacteur agr\u00e9\u00e9<\/a><\/li>\n<li><a href=\"http:\/\/agrement-formateurs.gouv.qc.ca\/Repertoire\/Formateur\/0060273\" target=\"_blank\" rel=\"noopener\">Formateur agr\u00e9\u00e9<\/a> en r\u00e9daction<\/li>\n<li>Membre de la <a href=\"https:\/\/sqrp.org\/profil\/yann_fortier\" target=\"_blank\" rel=\"noopener\">Soci\u00e9t\u00e9 qu\u00e9b\u00e9coise de la r\u00e9daction professionnelle<\/a> (SQRP)<\/li>\n<li>Membre de <a href=\"https:\/\/plaincanadaclair.ca\/membership-account\/member-profile\/infoyannfortier-ca\" target=\"_blank\" rel=\"noopener\">Plain Canada Clair<\/a><\/li>\n<li>Membre de l\u2019<a href=\"https:\/\/sqrp.org\/repertoire-des-membres\/membre\/Yann_Fortier\/\" target=\"_blank\" rel=\"noopener\">Union des \u00e9crivaines et \u00e9crivains qu\u00e9b\u00e9cois<\/a> (UNEQ)<\/li>\n<\/ul>\n<p>[\/et_pb_text][et_pb_text admin_label=&#8221;Des questions?&#8221; _builder_version=&#8221;4.27.4&#8243; _module_preset=&#8221;default&#8221; header_2_font=&#8221;|700|||||||&#8221; global_module=&#8221;4219&#8243; saved_tabs=&#8221;all&#8221; global_colors_info=&#8221;{}&#8221;]<\/p>\n<h2>Des questions?<\/h2>\n<p><a href=\"mailto:info@yannfortier.ca\">info@yannfortier.ca<\/a> | <a href=\"tel:+15144021353\">+1 514 402-1353<\/a><\/p>\n<p>[\/et_pb_text][et_pb_button button_url=&#8221;https:\/\/calendly.com\/yannfortier\/30min&#8221; url_new_window=&#8221;on&#8221; button_text=&#8221;R\u00e9servez une r\u00e9union gratuite&#8221; admin_label=&#8221;R\u00e9servez une r\u00e9union gratuite&#8221; _builder_version=&#8221;4.27.4&#8243; _module_preset=&#8221;default&#8221; custom_button=&#8221;on&#8221; button_text_size=&#8221;18px&#8221; button_icon=&#8221;&#xf073;||fa||400&#8243; button_icon_placement=&#8221;left&#8221; button_on_hover=&#8221;off&#8221; global_module=&#8221;4846&#8243; global_colors_info=&#8221;{}&#8221;][\/et_pb_button][\/et_pb_column][\/et_pb_row][\/et_pb_section][et_pb_section fb_built=&#8221;1&#8243; _builder_version=&#8221;4.27.4&#8243; _module_preset=&#8221;default&#8221; background_color=&#8221;#eeeeee&#8221; global_colors_info=&#8221;{}&#8221;][et_pb_row column_structure=&#8221;1_2,1_2&#8243; _builder_version=&#8221;4.27.4&#8243; _module_preset=&#8221;default&#8221; custom_margin=&#8221;1px||1px||true|false&#8221; custom_padding=&#8221;0px||0px||true|false&#8221; global_colors_info=&#8221;{}&#8221;][et_pb_column type=&#8221;1_2&#8243; _builder_version=&#8221;4.27.4&#8243; _module_preset=&#8221;default&#8221; global_colors_info=&#8221;{}&#8221;][et_pb_text admin_label=&#8221;Adoptez une nouvelle approche&#8221; _builder_version=&#8221;4.27.4&#8243; _module_preset=&#8221;default&#8221; header_2_font=&#8221;|700|||||||&#8221; header_3_font=&#8221;|700|||||||&#8221; hover_enabled=&#8221;0&#8243; global_colors_info=&#8221;{}&#8221; sticky_enabled=&#8221;0&#8243;]<\/p>\n<h2>Adoptez une nouvelle approche<\/h2>\n<p>En int\u00e9grant l\u2019IA de fa\u00e7on r\u00e9fl\u00e9chie, vous d\u00e9velopperez une s\u00e9rie de nouvelles comp\u00e9tences strat\u00e9giques : plus d\u2019assurance, une meilleure ma\u00eetrise du message, et des outils concrets pour faire valoir votre travail aupr\u00e8s des instances subventionnaires. Loin d\u2019un simple gain de temps, cette formation s\u2019inscrit dans une d\u00e9marche de renforcement et de durabilit\u00e9 de vos projets culturels.<\/p>\n<p>[\/et_pb_text][\/et_pb_column][et_pb_column type=&#8221;1_2&#8243; _builder_version=&#8221;4.27.4&#8243; _module_preset=&#8221;default&#8221; global_colors_info=&#8221;{}&#8221;][et_pb_text _builder_version=&#8221;4.27.4&#8243; _module_preset=&#8221;default&#8221; header_2_font=&#8221;|700|||||||&#8221; header_3_font=&#8221;|700|||||||&#8221; global_colors_info=&#8221;{}&#8221;]<\/p>\n<h2>Vos b\u00e9n\u00e9fices<\/h2>\n<ul>\n<li>Adoption d\u2019un ton juste, fid\u00e8le \u00e0 votre identit\u00e9<\/li>\n<li>Optimisation des r\u00e9ponses, en fonction des crit\u00e8res et des attentes<\/li>\n<li>Art d\u2019interagir avec l\u2019IA<\/li>\n<li>Analyse de documents PDF complexes, \u00e0 l\u2019aide de l\u2019IA<\/li>\n<li>Cr\u00e9ation d\u2019agents personnalis\u00e9s, adapt\u00e9s \u00e0 votre r\u00e9alit\u00e9<\/li>\n<\/ul>\n<p>[\/et_pb_text][\/et_pb_column][\/et_pb_row][\/et_pb_section][et_pb_section fb_built=&#8221;1&#8243; fullwidth=&#8221;on&#8221; _builder_version=&#8221;4.27.4&#8243; _module_preset=&#8221;default&#8221; global_colors_info=&#8221;{}&#8221;][et_pb_fullwidth_header title=&#8221;Une formation con\u00e7ue pour les artistes et organismes culturels du Qu\u00e9bec et de la francophonie canadienne&#8221; _builder_version=&#8221;4.27.4&#8243; _module_preset=&#8221;default&#8221; title_level=&#8221;h2&#8243; title_font=&#8221;|700|||||||&#8221; background_color=&#8221;#777777&#8243; global_colors_info=&#8221;{}&#8221;]<\/p>\n<p>Cette formation s\u2019adresse aux personnes initi\u00e9es ou non aux bases de l\u2019IA. Elle convient aux artistes de la rel\u00e8ve comme aux organismes \u00e9tablis, \u00e0 la recherche d\u2019une m\u00e9thode pour professionnaliser leur approche. Elle favorise un accompagnement personnalis\u00e9, dans une atmosph\u00e8re respectueuse, ax\u00e9e sur le partage d\u2019expertise.<\/p>\n<p>[\/et_pb_fullwidth_header][\/et_pb_section][et_pb_section fb_built=&#8221;1&#8243; disabled_on=&#8221;off|off|off&#8221; admin_label=&#8221;Section&#8221; _builder_version=&#8221;4.27.4&#8243; background_color=&#8221;#f5f5f5&#8243; min_height=&#8221;246px&#8221; custom_margin=&#8221;||||false|false&#8221; custom_padding=&#8221;20px||30px||false|false&#8221; global_module=&#8221;1817&#8243; saved_tabs=&#8221;all&#8221; global_colors_info=&#8221;{}&#8221;][et_pb_row _builder_version=&#8221;4.27.4&#8243; _module_preset=&#8221;default&#8221; custom_padding=&#8221;||0px||false|false&#8221; global_colors_info=&#8221;{}&#8221;][et_pb_column type=&#8221;4_4&#8243; _builder_version=&#8221;4.27.4&#8243; _module_preset=&#8221;default&#8221; global_colors_info=&#8221;{}&#8221;][et_pb_text admin_label=&#8221;Services offerts&#8221; _builder_version=&#8221;4.27.4&#8243; _module_preset=&#8221;default&#8221; global_colors_info=&#8221;{}&#8221;]<\/p>\n<h2><strong>Services offerts \u2013 Formations, ateliers et coaching<\/strong><\/h2>\n<p>[\/et_pb_text][\/et_pb_column][\/et_pb_row][et_pb_row column_structure=&#8221;1_2,1_2&#8243; _builder_version=&#8221;4.27.4&#8243; custom_padding=&#8221;||0px|3px|false|false&#8221; collapsed=&#8221;off&#8221; global_colors_info=&#8221;{}&#8221;][et_pb_column type=&#8221;1_2&#8243; _builder_version=&#8221;4.16&#8243; global_colors_info=&#8221;{}&#8221;][et_pb_text admin_label=&#8221;Intelligence artificielle&#8221; _builder_version=&#8221;4.27.4&#8243; header_3_font=&#8221;|600|||||||&#8221; width=&#8221;99.9%&#8221; custom_padding=&#8221;||||false|false&#8221; global_colors_info=&#8221;{}&#8221;]<\/p>\n<h3><strong>Intelligence artificielle et outils num\u00e9riques<\/strong><\/h3>\n<p><a href=\"\/services\/formation-ChatGPT\">Formation ChatGPT et IA<\/a> | Format de 1 h \u00e0 6 h<br \/><a href=\"\/services\/formation-Copilot\/\">Formation Copilot et IA<\/a> | Format de 1 h \u00e0 3 h<br \/><a href=\"\/services\/formation-antidote\">Logiciel Antidote<\/a> (3 h) | En entreprise ou individuelles<br \/><a href=\"\/services\/formation-IA-demandes-de-subvention\/\">Demandes de subvention et IA<\/a> | Secteur culturel<br \/><a href=\"https:\/\/www.infopresse.com\/formation\/certification-en-redaction-storytelling-et-ia\" target=\"_blank\" rel=\"noopener\">Certification en r\u00e9daction, storytelling et IA<\/a> (21 h) | Infopresse<\/p>\n<p>[\/et_pb_text][\/et_pb_column][et_pb_column type=&#8221;1_2&#8243; _builder_version=&#8221;4.16&#8243; global_colors_info=&#8221;{}&#8221;][et_pb_text admin_label=&#8221;R\u00e9daction, style et pr\u00e9sentations visuelles&#8221; _builder_version=&#8221;4.27.4&#8243; header_3_font=&#8221;|600|||||||&#8221; width=&#8221;100%&#8221; custom_padding=&#8221;||||false|false&#8221; global_colors_info=&#8221;{}&#8221;]<\/p>\n<h3>R\u00e9daction, style et pr\u00e9sentations visuelles<\/h3>\n<p><a href=\"\/services\/formation-PowerPoint\">Formation PowerPoint<\/a> | Format 3 h \u00e0 6 h<br \/><a href=\"\/services\/formation\/redaction-claire\/\" target=\"_blank\" rel=\"noopener\">R\u00e9daction claire<\/a> (6 h) | Format 3 h \u00e0 6 h<br \/><a href=\"\/services\/formation\/storytelling\/\" target=\"_blank\" rel=\"noopener\">Storytelling<\/a> | Format 3 h \u00e0 6 h<br \/><a href=\"https:\/\/www.infopresse.com\/formation\/communiques-de-presse-combinez-performance-et-pertinence\" target=\"_blank\" rel=\"noopener\">R\u00e9daction de communiqu\u00e9s de presse<\/a> (6 h) | InfoPresse<br \/><a href=\"https:\/\/www.infopresse.com\/formation\/allocutions-et-discours-redigez-des-textes-porteurs-decoute-et-de-sens\" target=\"_blank\" rel=\"noopener\">R\u00e9daction de discours et allocutions<\/a> (6 h) | InfoPresse<\/p>\n<p>[\/et_pb_text][\/et_pb_column][\/et_pb_row][et_pb_row column_structure=&#8221;1_2,1_2&#8243; _builder_version=&#8221;4.27.4&#8243; custom_padding=&#8221;||0px||false|false&#8221; collapsed=&#8221;off&#8221; global_colors_info=&#8221;{}&#8221;][et_pb_column type=&#8221;1_2&#8243; _builder_version=&#8221;4.16&#8243; global_colors_info=&#8221;{}&#8221;][et_pb_text admin_label=&#8221;Coaching personnalis\u00e9 et ateliers de groupe&#8221; _builder_version=&#8221;4.27.4&#8243; header_3_font=&#8221;|600|||||||&#8221; width=&#8221;100%&#8221; custom_padding=&#8221;||||false|false&#8221; global_colors_info=&#8221;{}&#8221;]<\/p>\n<h3>Coaching personnalis\u00e9 et ateliers de groupe<\/h3>\n<p><a href=\"\/services\/coaching-en-redaction\">Coaching en r\u00e9daction<\/a> | Accompagnement individuel<br \/><a href=\"\/services\/pour-lamour-du-brief\/\">Pour l\u2019amour du brief!<\/a> | Atelier de groupe<br \/><a href=\"\/services\/manifestez-votre-tonalite\">Manifestez votre tonalit\u00e9!<\/a> | Atelier de groupe<\/p>\n<p>[\/et_pb_text][\/et_pb_column][et_pb_column type=&#8221;1_2&#8243; _builder_version=&#8221;4.16&#8243; global_colors_info=&#8221;{}&#8221;][et_pb_text admin_label=&#8221;Guide de r\u00e9daction (style guide)&#8221; _builder_version=&#8221;4.27.4&#8243; header_3_font=&#8221;|600|||||||&#8221; width=&#8221;99.9%&#8221; custom_padding=&#8221;||||false|false&#8221; global_colors_info=&#8221;{}&#8221;]<\/p>\n<h3>Guide de r\u00e9daction (<em>style guide<\/em>)<\/h3>\n<p>Audit et cr\u00e9ation de guides de style (normes r\u00e9dactionnelles) pour encadrer et standardiser la coh\u00e9rence, la lisibilit\u00e9 et la tonalit\u00e9 dans l\u2019ensemble de votre organisation.<\/p>\n<p>[\/et_pb_text][\/et_pb_column][\/et_pb_row][\/et_pb_section]<\/p>\n","protected":false},"excerpt":{"rendered":"<p>Les demandes de subvention occupent une place d\u00e9terminante dans l\u2019\u00e9volution et l\u2019espace culturel du Qu\u00e9bec. Chaque demande approuv\u00e9e concr\u00e9tise des projets, structure et donne vie aux id\u00e9es. Une demande de subvention performante exige du temps, de la vision, de la rigueur. Pour plusieurs artistes et gestionnaires culturels, cette \u00e9tape repr\u00e9sente une charge importante, imposante, parfois [&hellip;]<\/p>\n","protected":false},"author":2,"featured_media":0,"parent":0,"menu_order":0,"comment_status":"closed","ping_status":"closed","template":"","meta":{"_acf_changed":false,"_et_pb_use_builder":"on","_et_pb_old_content":"","_et_gb_content_width":"","inline_featured_image":false,"footnotes":""},"class_list":["post-4236","page","type-page","status-publish","hentry"],"acf":[],"yoast_head":"<!-- This site is optimized with the Yoast SEO plugin v27.5 - https:\/\/yoast.com\/product\/yoast-seo-wordpress\/ -->\n<title>Formation IA pour demandes de subvention | Secteur culturel - Yann Fortier<\/title>\n<meta name=\"description\" content=\"D\u00e9couvrez comment l\u2019intelligence artificielle vous aide \u00e0 r\u00e9diger vos demandes de subvention pour les artistes et le secteur culturel.\" \/>\n<meta name=\"robots\" content=\"index, follow, max-snippet:-1, max-image-preview:large, max-video-preview:-1\" \/>\n<link rel=\"canonical\" href=\"https:\/\/yannfortier.ca\/en\/services\/formation-IA-demandes-de-subvention\/\" \/>\n<meta property=\"og:locale\" content=\"en_US\" \/>\n<meta property=\"og:type\" content=\"article\" \/>\n<meta property=\"og:title\" content=\"Formation IA pour demandes de subvention | Secteur culturel - Yann Fortier\" \/>\n<meta property=\"og:description\" content=\"D\u00e9couvrez comment l\u2019intelligence artificielle vous aide \u00e0 r\u00e9diger vos demandes de subvention pour les artistes et le secteur culturel.\" \/>\n<meta property=\"og:url\" content=\"https:\/\/yannfortier.ca\/services\/formation-IA-demandes-de-subvention\/\" \/>\n<meta property=\"og:site_name\" content=\"Yann Fortier\" \/>\n<meta property=\"article:modified_time\" content=\"2026-01-20T17:07:33+00:00\" \/>\n<meta name=\"twitter:card\" content=\"summary_large_image\" \/>\n<meta name=\"twitter:label1\" content=\"Est. reading time\" \/>\n\t<meta name=\"twitter:data1\" content=\"8 minutes\" \/>\n<!-- \/ Yoast SEO plugin. -->","yoast_head_json":{"title":"Formation IA pour demandes de subvention | Secteur culturel - Yann Fortier","description":"D\u00e9couvrez comment l\u2019intelligence artificielle vous aide \u00e0 r\u00e9diger vos demandes de subvention pour les artistes et le secteur culturel.","robots":{"index":"index","follow":"follow","max-snippet":"max-snippet:-1","max-image-preview":"max-image-preview:large","max-video-preview":"max-video-preview:-1"},"canonical":"https:\/\/yannfortier.ca\/en\/services\/formation-IA-demandes-de-subvention\/","og_locale":"en_US","og_type":"article","og_title":"Formation IA pour demandes de subvention | Secteur culturel - Yann Fortier","og_description":"D\u00e9couvrez comment l\u2019intelligence artificielle vous aide \u00e0 r\u00e9diger vos demandes de subvention pour les artistes et le secteur culturel.","og_url":"https:\/\/yannfortier.ca\/services\/formation-IA-demandes-de-subvention\/","og_site_name":"Yann Fortier","article_modified_time":"2026-01-20T17:07:33+00:00","twitter_card":"summary_large_image","twitter_misc":{"Est. reading time":"8 minutes"},"schema":{"@context":"https:\/\/schema.org","@graph":[{"@type":"WebPage","@id":"https:\/\/yannfortier.ca\/services\/formation-IA-demandes-de-subvention\/","url":"https:\/\/yannfortier.ca\/services\/formation-IA-demandes-de-subvention\/","name":"Formation IA pour demandes de subvention | Secteur culturel - Yann Fortier","isPartOf":{"@id":"https:\/\/yannfortier.ca\/en\/#website"},"datePublished":"2025-04-22T20:30:31+00:00","dateModified":"2026-01-20T17:07:33+00:00","description":"D\u00e9couvrez comment l\u2019intelligence artificielle vous aide \u00e0 r\u00e9diger vos demandes de subvention pour les artistes et le secteur culturel.","breadcrumb":{"@id":"https:\/\/yannfortier.ca\/services\/formation-IA-demandes-de-subvention\/#breadcrumb"},"inLanguage":"en-US","potentialAction":[{"@type":"ReadAction","target":["https:\/\/yannfortier.ca\/services\/formation-IA-demandes-de-subvention\/"]}]},{"@type":"BreadcrumbList","@id":"https:\/\/yannfortier.ca\/services\/formation-IA-demandes-de-subvention\/#breadcrumb","itemListElement":[{"@type":"ListItem","position":1,"name":"Home","item":"https:\/\/yannfortier.ca\/en\/"},{"@type":"ListItem","position":2,"name":"Formation IA pour demandes de subvention"}]},{"@type":"WebSite","@id":"https:\/\/yannfortier.ca\/en\/#website","url":"https:\/\/yannfortier.ca\/en\/","name":"Yann Fortier","description":"Strategy | Copywriting | Translation","publisher":{"@id":"https:\/\/yannfortier.ca\/en\/#\/schema\/person\/ef3d5fcd9716f974af4441b3e6f585b8"},"potentialAction":[{"@type":"SearchAction","target":{"@type":"EntryPoint","urlTemplate":"https:\/\/yannfortier.ca\/en\/?s={search_term_string}"},"query-input":{"@type":"PropertyValueSpecification","valueRequired":true,"valueName":"search_term_string"}}],"inLanguage":"en-US"},{"@type":["Person","Organization"],"@id":"https:\/\/yannfortier.ca\/en\/#\/schema\/person\/ef3d5fcd9716f974af4441b3e6f585b8","name":"Yann Fortier","image":{"@type":"ImageObject","inLanguage":"en-US","@id":"https:\/\/yannfortier.ca\/wp-content\/uploads\/2025\/09\/Yann-Fortier-2025-nb-photo-Vivien-Gaumand-4x5-1.webp","url":"https:\/\/yannfortier.ca\/wp-content\/uploads\/2025\/09\/Yann-Fortier-2025-nb-photo-Vivien-Gaumand-4x5-1.webp","contentUrl":"https:\/\/yannfortier.ca\/wp-content\/uploads\/2025\/09\/Yann-Fortier-2025-nb-photo-Vivien-Gaumand-4x5-1.webp","width":1000,"height":1250,"caption":"Yann Fortier"},"logo":{"@id":"https:\/\/yannfortier.ca\/wp-content\/uploads\/2025\/09\/Yann-Fortier-2025-nb-photo-Vivien-Gaumand-4x5-1.webp"}}]}},"_links":{"self":[{"href":"https:\/\/yannfortier.ca\/en\/wp-json\/wp\/v2\/pages\/4236","targetHints":{"allow":["GET"]}}],"collection":[{"href":"https:\/\/yannfortier.ca\/en\/wp-json\/wp\/v2\/pages"}],"about":[{"href":"https:\/\/yannfortier.ca\/en\/wp-json\/wp\/v2\/types\/page"}],"author":[{"embeddable":true,"href":"https:\/\/yannfortier.ca\/en\/wp-json\/wp\/v2\/users\/2"}],"replies":[{"embeddable":true,"href":"https:\/\/yannfortier.ca\/en\/wp-json\/wp\/v2\/comments?post=4236"}],"version-history":[{"count":0,"href":"https:\/\/yannfortier.ca\/en\/wp-json\/wp\/v2\/pages\/4236\/revisions"}],"wp:attachment":[{"href":"https:\/\/yannfortier.ca\/en\/wp-json\/wp\/v2\/media?parent=4236"}],"curies":[{"name":"wp","href":"https:\/\/api.w.org\/{rel}","templated":true}]}}