{"id":4104,"date":"2025-04-21T15:03:13","date_gmt":"2025-04-21T19:03:13","guid":{"rendered":"https:\/\/yannfortier.ca\/?page_id=4104"},"modified":"2026-03-13T14:48:20","modified_gmt":"2026-03-13T18:48:20","slug":"formation-copilot","status":"publish","type":"page","link":"https:\/\/yannfortier.ca\/services\/formation-Copilot\/","title":{"rendered":"Formation Copilot"},"content":{"rendered":"<p>[et_pb_section fb_built=&#8221;1&#8243; fullwidth=&#8221;on&#8221; _builder_version=&#8221;4.27.4&#8243; _module_preset=&#8221;default&#8221; global_colors_info=&#8221;{}&#8221;][et_pb_fullwidth_image alt=&#8221;R\u00e9dacteur pigiste et coach en r\u00e9daction \u00e0 Montr\u00e9al&#8221; title_text=&#8221;Yann Fortier est un r\u00e9dacteur pigiste \u00e0 Montr\u00e9al&#8221; admin_label=&#8221;Image en-t\u00eate pleine largeur&#8221; _builder_version=&#8221;4.25.0&#8243; background_image=&#8221;https:\/\/yannfortier.ca\/wp-content\/uploads\/2016\/02\/dome-1.jpg&#8221; parallax=&#8221;on&#8221; min_height=&#8221;336px&#8221; min_height_tablet=&#8221;336px&#8221; min_height_phone=&#8221;300px&#8221; min_height_last_edited=&#8221;on|tablet&#8221; animation_style=&#8221;fade&#8221; animation_duration=&#8221;500ms&#8221; use_border_color=&#8221;off&#8221; global_module=&#8221;3610&#8243; saved_tabs=&#8221;all&#8221; global_colors_info=&#8221;{}&#8221;][\/et_pb_fullwidth_image][et_pb_fullwidth_header title=&#8221;Formation Copilot&#8221; subhead=&#8221;Collaborez avec l\u2019IA pour enrichir votre r\u00e9daction et vos communications&#8221; _builder_version=&#8221;4.27.4&#8243; _module_preset=&#8221;default&#8221; title_font=&#8221;|on|||&#8221; content_font_size=&#8221;24px&#8221; subhead_font_size=&#8221;24px&#8221; background_color=&#8221;#333333&#8243; global_colors_info=&#8221;{}&#8221;][\/et_pb_fullwidth_header][\/et_pb_section][et_pb_section fb_built=&#8221;1&#8243; _builder_version=&#8221;4.27.4&#8243; _module_preset=&#8221;default&#8221; background_color=&#8221;#f5f5f5&#8243; global_colors_info=&#8221;{}&#8221;][et_pb_row _builder_version=&#8221;4.27.4&#8243; _module_preset=&#8221;default&#8221; custom_margin=&#8221;0px||0px||true|false&#8221; custom_padding=&#8221;0px||0px||true|false&#8221; global_colors_info=&#8221;{}&#8221;][et_pb_column type=&#8221;4_4&#8243; _builder_version=&#8221;4.27.4&#8243; _module_preset=&#8221;default&#8221; global_colors_info=&#8221;{}&#8221;][et_pb_text admin_label=&#8221;Texte intro&#8221; _builder_version=&#8221;4.27.4&#8243; _module_preset=&#8221;default&#8221; text_font_size=&#8221;24px&#8221; global_colors_info=&#8221;{}&#8221;]<\/p>\n<p>D\u00e9couvrez comment la formation Copilot peut transformer votre mani\u00e8re de r\u00e9diger, structurer et enrichir vos contenus professionnels. Destin\u00e9e aux \u00e9quipes de communication, aux directions, aux gestionnaires et aux r\u00e9dacteurs, elle initie une nouvelle fa\u00e7on de collaborer avec l\u2019intelligence artificielle dans l\u2019environnement Microsoft 365.<\/p>\n<p>[\/et_pb_text][\/et_pb_column][\/et_pb_row][\/et_pb_section][et_pb_section fb_built=&#8221;1&#8243; _builder_version=&#8221;4.27.4&#8243; _module_preset=&#8221;default&#8221; global_colors_info=&#8221;{}&#8221;][et_pb_row column_structure=&#8221;3_5,2_5&#8243; _builder_version=&#8221;4.27.4&#8243; _module_preset=&#8221;default&#8221; custom_margin=&#8221;0px||0px||true|false&#8221; custom_padding=&#8221;0px||0px||true|false&#8221; global_colors_info=&#8221;{}&#8221;][et_pb_column type=&#8221;3_5&#8243; _builder_version=&#8221;4.27.4&#8243; _module_preset=&#8221;default&#8221; global_colors_info=&#8221;{}&#8221;][et_pb_text _builder_version=&#8221;4.27.4&#8243; _module_preset=&#8221;default&#8221; header_2_font=&#8221;|700|||||||&#8221; header_3_font=&#8221;|700|||||||&#8221; global_colors_info=&#8221;{}&#8221;]<\/p>\n<h2>Une formation ax\u00e9e sur vos besoins actuels<\/h2>\n<p>Copilot est un v\u00e9ritable assistant de r\u00e9daction. Il aide \u00e0 structurer une infolettre, reformuler un texte technique, simplifier une note interne ou g\u00e9n\u00e9rer des id\u00e9es pour une publication. Dans cette formation, vous apprendrez \u00e0 interagir avec Copilot pour am\u00e9liorer l\u2019ensemble de vos performances r\u00e9dactionnelles et strat\u00e9giques.<\/p>\n<h2>Des cas inspir\u00e9s de votre r\u00e9alit\u00e9 organisationnelle<\/h2>\n<p>Cette formation pratique repose sur des exemples li\u00e9s aux besoins et aux enjeux des organisations d\u2019ici : mise \u00e0 jour de contenus, publication de notes internes, de communiqu\u00e9s, de rapports. Analyse et r\u00e9vision de textes, r\u00e9daction de FAQ, d\u2019ordres du jour, de comptes rendus de r\u00e9union, de sommaires. Nous aborderons \u00e9galement les techniques de conversion audio vers texte. Vous verrez comment formuler des requ\u00eates efficaces, affiner les r\u00e9ponses et utiliser Copilot pour am\u00e9liorer la clart\u00e9, la pertinence et la coh\u00e9rence de vos textes.<\/p>\n<h2>Un accompagnement adapt\u00e9 \u00e0 tous les niveaux<\/h2>\n<p>Que vous soyez r\u00e9dacteur chevronn\u00e9 ou novice en r\u00e9daction assist\u00e9e par l\u2019IA, la formation Copilot s\u2019adapte \u00e0 votre profil. En groupe ou en mode coaching individuel, vous apprendrez \u00e0 collaborer avec Copilot de fa\u00e7on strat\u00e9gique, autonome et responsable. L\u2019objectif? R\u00e9duire la charge mentale, gagner en efficacit\u00e9 et renforcer la qualit\u00e9 de vos \u00e9crits.<\/p>\n<h2>Cr\u00e9ez un agent personnalis\u00e9 avec Copilot Studio<\/h2>\n<p>Microsoft Copilot Studio permet de cr\u00e9er des agents personnalis\u00e9s pour automatiser certaines requ\u00eates ou t\u00e2ches sp\u00e9cifiques, comme la r\u00e9vision de documents ou la gestion de demandes internes. En format de trois heures, vous apprendrez \u00e0 concevoir ces agents pour am\u00e9liorer vos processus r\u00e9dactionnels et collaboratifs dans l\u2019univers Microsoft 365, notamment Teams et SharePoint.<\/p>\n<h2>Vous utilisez Copilot Pro?<\/h2>\n<p>Pour les personnes ou organisations abonn\u00e9es \u00e0 Copilot Pro, les fonctionnalit\u00e9s de l\u2019IA s\u2019\u00e9tendent \u00e0 des applications comme Word, PowerPoint et Outlook.<\/p>\n<p>[\/et_pb_text][\/et_pb_column][et_pb_column type=&#8221;2_5&#8243; _builder_version=&#8221;4.27.4&#8243; _module_preset=&#8221;default&#8221; global_colors_info=&#8221;{}&#8221;][et_pb_text admin_label=&#8221;Yann Fortier&#8221; _builder_version=&#8221;4.27.6&#8243; _module_preset=&#8221;default&#8221; hover_enabled=&#8221;0&#8243; global_module=&#8221;4216&#8243; global_colors_info=&#8221;{}&#8221; sticky_enabled=&#8221;0&#8243;]<\/p>\n<h2><strong>Yann Fortier<\/strong><\/h2>\n<ul>\n<li><a href=\"https:\/\/sqrp.org\/profil\/yann_fortier\/\" target=\"_blank\" rel=\"noopener\">R\u00e9dacteur agr\u00e9\u00e9<\/a><\/li>\n<li><a href=\"http:\/\/agrement-formateurs.gouv.qc.ca\/Repertoire\/Formateur\/0060273\" target=\"_blank\" rel=\"noopener\">Formateur agr\u00e9\u00e9<\/a> en r\u00e9daction<\/li>\n<li>Membre de la <a href=\"https:\/\/sqrp.org\/profil\/yann_fortier\" target=\"_blank\" rel=\"noopener\">Soci\u00e9t\u00e9 qu\u00e9b\u00e9coise de la r\u00e9daction professionnelle<\/a> (SQRP)<\/li>\n<li>Membre de <a href=\"https:\/\/plaincanadaclair.ca\/membership-account\/member-profile\/infoyannfortier-ca\" target=\"_blank\" rel=\"noopener\">Plain Canada Clair<\/a><\/li>\n<li>Membre de l\u2019<a href=\"https:\/\/www.litterature.org\/recherche\/ecrivains\/FORTIER-Yann-1789\" target=\"_blank\" rel=\"noopener\">Union des \u00e9crivaines et \u00e9crivains qu\u00e9b\u00e9cois<\/a> (UNEQ)<\/li>\n<\/ul>\n<p>[\/et_pb_text][et_pb_text admin_label=&#8221;Des questions?&#8221; _builder_version=&#8221;4.27.4&#8243; _module_preset=&#8221;default&#8221; header_2_font=&#8221;|700|||||||&#8221; global_module=&#8221;4219&#8243; saved_tabs=&#8221;all&#8221; global_colors_info=&#8221;{}&#8221;]<\/p>\n<h2>Des questions?<\/h2>\n<p><a href=\"mailto:info@yannfortier.ca\">info@yannfortier.ca<\/a> | <a href=\"tel:+15144021353\">+1 514 402-1353<\/a><\/p>\n<p>[\/et_pb_text][et_pb_button button_url=&#8221;https:\/\/calendly.com\/yannfortier\/30min&#8221; url_new_window=&#8221;on&#8221; button_text=&#8221;R\u00e9servez une r\u00e9union gratuite&#8221; admin_label=&#8221;R\u00e9servez une r\u00e9union gratuite&#8221; _builder_version=&#8221;4.27.4&#8243; _module_preset=&#8221;default&#8221; custom_button=&#8221;on&#8221; button_text_size=&#8221;18px&#8221; button_text_color=&#8221;#ef4937&#8243; button_border_color=&#8221;#ef4937&#8243; button_icon=&#8221;&#xf073;||fa||400&#8243; button_icon_color=&#8221;#ef4937&#8243; button_icon_placement=&#8221;left&#8221; button_on_hover=&#8221;off&#8221; global_module=&#8221;4846&#8243; global_colors_info=&#8221;{}&#8221;][\/et_pb_button][\/et_pb_column][\/et_pb_row][\/et_pb_section][et_pb_section fb_built=&#8221;1&#8243; _builder_version=&#8221;4.27.4&#8243; _module_preset=&#8221;default&#8221; background_color=&#8221;#f5f5f5&#8243; global_colors_info=&#8221;{}&#8221;][et_pb_row column_structure=&#8221;3_5,2_5&#8243; _builder_version=&#8221;4.27.4&#8243; _module_preset=&#8221;default&#8221; custom_margin=&#8221;0px||0px||true|false&#8221; custom_padding=&#8221;0px||0px||true|false&#8221; global_colors_info=&#8221;{}&#8221;][et_pb_column type=&#8221;3_5&#8243; _builder_version=&#8221;4.27.4&#8243; _module_preset=&#8221;default&#8221; global_colors_info=&#8221;{}&#8221;][et_pb_text admin_label=&#8221;Une formations pens\u00e9e&#8221; _builder_version=&#8221;4.27.4&#8243; _module_preset=&#8221;default&#8221; header_2_font=&#8221;|700|||||||&#8221; header_3_font=&#8221;|700|||||||&#8221; global_colors_info=&#8221;{}&#8221;]<\/p>\n<h3>Une formation pens\u00e9e pour les organisations du Qu\u00e9bec<\/h3>\n<p>De plus en plus int\u00e9gr\u00e9 dans les outils courants des entreprises et des administrations publiques du Qu\u00e9bec, Copilot se d\u00e9marque par sa performance et son niveau de s\u00e9curit\u00e9 conforme aux exigences en mati\u00e8re de confidentialit\u00e9 des contenus. Propos\u00e9e en salle ou en visioconf\u00e9rence, de 60 minutes \u00e0 3 heures, pour des groupes de 10 \u00e0 300 personnes, cette formation Copilot est r\u00e9solument concr\u00e8te, pratique et dynamique.<\/p>\n<p>[\/et_pb_text][\/et_pb_column][et_pb_column type=&#8221;2_5&#8243; _builder_version=&#8221;4.27.4&#8243; _module_preset=&#8221;default&#8221; global_colors_info=&#8221;{}&#8221;][et_pb_text admin_label=&#8221;Transformez votre rapport \u00e0 la r\u00e9daction&#8221; _builder_version=&#8221;4.27.4&#8243; _module_preset=&#8221;default&#8221; header_2_font=&#8221;|700|||||||&#8221; header_3_font=&#8221;|700|||||||&#8221; global_colors_info=&#8221;{}&#8221;]<\/p>\n<h3>Transformez votre rapport \u00e0 la r\u00e9daction<\/h3>\n<p>La formation Copilot vous y pr\u00e9pare, en alliant rigueur, cr\u00e9ativit\u00e9 et intelligence augment\u00e9e. Une solution professionnelle, pens\u00e9e pour les organisations du Qu\u00e9bec, tout en r\u00e9pondant aux besoins des organisations francophones actives en Ontario et au Nouveau-Brunswick.<\/p>\n<p>[\/et_pb_text][\/et_pb_column][\/et_pb_row][\/et_pb_section][et_pb_section fb_built=&#8221;1&#8243; _builder_version=&#8221;4.27.4&#8243; _module_preset=&#8221;default&#8221; background_color=&#8221;#eeeeee&#8221; global_colors_info=&#8221;{}&#8221;][et_pb_row column_structure=&#8221;3_5,2_5&#8243; _builder_version=&#8221;4.27.4&#8243; _module_preset=&#8221;default&#8221; custom_margin=&#8221;0px||0px||true|false&#8221; custom_padding=&#8221;0px||0px||true|false&#8221; global_colors_info=&#8221;{}&#8221;][et_pb_column type=&#8221;3_5&#8243; _builder_version=&#8221;4.27.4&#8243; _module_preset=&#8221;default&#8221; global_colors_info=&#8221;{}&#8221;][et_pb_text admin_label=&#8221;Un outil puissant&#8221; _builder_version=&#8221;4.27.4&#8243; _module_preset=&#8221;default&#8221; header_2_font=&#8221;|700|||||||&#8221; header_3_font=&#8221;|700|||||||&#8221; global_colors_info=&#8221;{}&#8221;]<\/p>\n<h3>Un outil puissant<\/h3>\n<p>Copilot facilite la recherche d\u2019angles, le r\u00e9sum\u00e9 de documents, la g\u00e9n\u00e9ration de listes \u00e0 puces, la reformulation de textes, en fonction des objectifs, du niveau de langue et du public vis\u00e9. Vous souhaitez transformer un compte rendu en plan d\u2019action? R\u00e9\u00e9crire un texte administratif en langage clair et simple? Harmoniser des contenus produits par plusieurs coll\u00e8gues? Copilot est un alli\u00e9 rapide, fiable, efficace.<\/p>\n<p>[\/et_pb_text][\/et_pb_column][et_pb_column type=&#8221;2_5&#8243; _builder_version=&#8221;4.27.4&#8243; _module_preset=&#8221;default&#8221; global_colors_info=&#8221;{}&#8221;][et_pb_text admin_label=&#8221;Vos b\u00e9n\u00e9fices&#8221; _builder_version=&#8221;4.27.4&#8243; _module_preset=&#8221;default&#8221; header_2_font=&#8221;|700|||||||&#8221; header_3_font=&#8221;|700|||||||&#8221; global_colors_info=&#8221;{}&#8221;]<\/p>\n<h3>Vos b\u00e9n\u00e9fices<\/h3>\n<ul>\n<li>Clarifiez vos messages<\/li>\n<li>Structurez vos id\u00e9es<\/li>\n<li>Reformulez vos phrases<\/li>\n<li>R\u00e9sumez vos contenus<\/li>\n<li>\u00c9liminez vos r\u00e9p\u00e9titions<\/li>\n<li>Cr\u00e9ez des titres et intertitres accrocheurs<\/li>\n<li>Adaptez votre ton<\/li>\n<li>Assurez la coh\u00e9rence de vos textes<\/li>\n<li>Enrichissez vos contenus<\/li>\n<li>Acc\u00e9l\u00e9rez vos r\u00e9visions<\/li>\n<\/ul>\n<p>[\/et_pb_text][\/et_pb_column][\/et_pb_row][\/et_pb_section][et_pb_section fb_built=&#8221;1&#8243; disabled_on=&#8221;off|off|off&#8221; admin_label=&#8221;Services offerts 2026&#8243; module_id=&#8221;menu-formations&#8221; _builder_version=&#8221;4.27.4&#8243; background_color=&#8221;#f5f5f5&#8243; min_height=&#8221;246px&#8221; custom_margin=&#8221;||||false|false&#8221; custom_padding=&#8221;20px||30px||false|false&#8221; global_module=&#8221;1817&#8243; saved_tabs=&#8221;all&#8221; global_colors_info=&#8221;{}&#8221;][et_pb_row _builder_version=&#8221;4.27.4&#8243; _module_preset=&#8221;default&#8221; custom_padding=&#8221;||0px||false|false&#8221; global_colors_info=&#8221;{}&#8221;][et_pb_column type=&#8221;4_4&#8243; _builder_version=&#8221;4.27.4&#8243; _module_preset=&#8221;default&#8221; global_colors_info=&#8221;{}&#8221;][et_pb_text admin_label=&#8221;Services offerts : formations, conf\u00e9rences, ateliers et coaching&#8221; _builder_version=&#8221;4.27.4&#8243; _module_preset=&#8221;default&#8221; header_2_font=&#8221;|700|||||||&#8221; header_3_font=&#8221;|700|||||||&#8221; global_colors_info=&#8221;{}&#8221;]<\/p>\n<h2>Services offerts : formations, conf\u00e9rences, ateliers et coaching<\/h2>\n<p>[\/et_pb_text][\/et_pb_column][\/et_pb_row][et_pb_row column_structure=&#8221;1_2,1_2&#8243; _builder_version=&#8221;4.27.4&#8243; custom_padding=&#8221;||0px|3px|false|false&#8221; collapsed=&#8221;off&#8221; global_colors_info=&#8221;{}&#8221;][et_pb_column type=&#8221;1_2&#8243; _builder_version=&#8221;4.16&#8243; global_colors_info=&#8221;{}&#8221;][et_pb_text admin_label=&#8221;R\u00e9daction et pr\u00e9sentations strat\u00e9giques &#8221; _builder_version=&#8221;4.27.4&#8243; header_3_font=&#8221;|600|||||||&#8221; width=&#8221;99.9%&#8221; custom_padding=&#8221;||||false|false&#8221; global_colors_info=&#8221;{}&#8221;]<\/p>\n<h3>R\u00e9daction et pr\u00e9sentations strat\u00e9giques<\/h3>\n<p><a href=\"https:\/\/yannfortier.ca\/services\/formation\/redaction-claire\/\">R\u00e9daction claire<\/a>\u00a0| 3\u00a0h \u00e0 6\u00a0h<br \/><a href=\"https:\/\/yannfortier.ca\/services\/formation\/storytelling\/\">Storytelling<\/a>\u00a0| 3\u00a0h \u00e0 6\u00a0h<br \/><a href=\"https:\/\/www.infopresse.com\/formation\/communiques-de-presse-combinez-performance-et-pertinence\" target=\"_blank\" rel=\"noopener\">Communiqu\u00e9s de presse<\/a> | 6\u00a0h | Infopresse<br \/><a href=\"https:\/\/www.infopresse.com\/formation\/allocutions-et-discours-redigez-des-textes-porteurs-decoute-et-de-sens\" target=\"_blank\" rel=\"noopener\">Discours et allocutions<\/a>\u00a0| 6\u00a0h | Infopresse<br \/><a href=\"https:\/\/yannfortier.ca\/services\/formation-IA-demandes-de-subvention\/\">Demandes de subvention et IA<\/a>\u00a0| 3\u00a0h<br \/><a href=\"https:\/\/www.infopresse.com\/formation\/certification-en-redaction-storytelling-et-ia\" target=\"_blank\" rel=\"noopener\">Certification : r\u00e9daction, storytelling, IA<\/a> | Infopresse<\/p>\n<p>[\/et_pb_text][\/et_pb_column][et_pb_column type=&#8221;1_2&#8243; _builder_version=&#8221;4.16&#8243; global_colors_info=&#8221;{}&#8221;][et_pb_text admin_label=&#8221;Intelligence artificielle (IA) et outils num\u00e9riques&#8221; _builder_version=&#8221;4.27.4&#8243; header_3_font=&#8221;|600|||||||&#8221; width=&#8221;100%&#8221; custom_padding=&#8221;||||false|false&#8221; global_colors_info=&#8221;{}&#8221;]<\/p>\n<h3>R\u00e9daction, style et pr\u00e9sentations visuelles<\/h3>\n<p><a href=\"https:\/\/yannfortier.ca\/services\/formation-Copilot\">Formation <\/a><a href=\"https:\/\/yannfortier.ca\/services\/formation-Copilot\/\">Copilot<\/a><a href=\"https:\/\/yannfortier.ca\/services\/formation-Copilot\"> et IA<\/a> pour communications\u00a0 | 1 h \u00e0 6 h<br \/><a href=\"https:\/\/yannfortier.ca\/services\/formation-ChatGPT\">Formation <\/a><a href=\"https:\/\/yannfortier.ca\/services\/formation-ChatGPT\">ChatGPT<\/a><a href=\"https:\/\/yannfortier.ca\/services\/formation-ChatGPT\"> et IA<\/a>\u00a0pour communications\u00a0 | 1 h \u00e0 6 h<br \/><a href=\"https:\/\/yannfortier.ca\/services\/formation-antidote\">Logiciel Antidote<\/a> | 3 h | En entreprise ou individuelle<br \/><a href=\"https:\/\/yannfortier.ca\/services\/formation-PowerPoint\">Pr\u00e9sentations PowerPoint<\/a>\u00a0| 3 h \u00e0 6 h<\/p>\n<p>[\/et_pb_text][\/et_pb_column][\/et_pb_row][et_pb_row column_structure=&#8221;1_2,1_2&#8243; _builder_version=&#8221;4.27.4&#8243; custom_padding=&#8221;||0px||false|false&#8221; collapsed=&#8221;off&#8221; global_colors_info=&#8221;{}&#8221;][et_pb_column type=&#8221;1_2&#8243; _builder_version=&#8221;4.16&#8243; global_colors_info=&#8221;{}&#8221;][et_pb_text admin_label=&#8221;Coaching personnalis\u00e9 et ateliers de groupe&#8221; _builder_version=&#8221;4.27.4&#8243; header_3_font=&#8221;|600|||||||&#8221; width=&#8221;100%&#8221; custom_padding=&#8221;||||false|false&#8221; global_colors_info=&#8221;{}&#8221;]<\/p>\n<h3>Coaching personnalis\u00e9 et ateliers de groupe<\/h3>\n<p><a href=\"\/services\/coaching-en-redaction\">Coaching en r\u00e9daction<\/a> | Accompagnement individuel<br \/><a href=\"https:\/\/yannfortier.ca\/services\/brief-de-redaction\">Rehaussez votre <em>brief<\/em> de r\u00e9daction!<\/a> | Atelier collectif<br \/><a href=\"https:\/\/yannfortier.ca\/services\/tonalite-de-marque\">Levez le ton!<\/a> | Atelier collectif de tonalit\u00e9 de marque<br \/><span lang=\"FR-CA\">Strat\u00e9gie r\u00e9dactionnelle\u00a0| Atelier collectif<\/span><\/p>\n<p>[\/et_pb_text][\/et_pb_column][et_pb_column type=&#8221;1_2&#8243; _builder_version=&#8221;4.16&#8243; global_colors_info=&#8221;{}&#8221;][et_pb_text admin_label=&#8221;Conf\u00e9rences&#8221; _builder_version=&#8221;4.27.4&#8243; header_3_font=&#8221;|600|||||||&#8221; width=&#8221;100%&#8221; custom_padding=&#8221;||||false|false&#8221; global_colors_info=&#8221;{}&#8221;]<\/p>\n<h3>Conf\u00e9rences<\/h3>\n<p><a href=\"https:\/\/yannfortier.ca\/services\/conferencier\">Conf\u00e9rencier en r\u00e9daction, communication et IA<\/a><br \/>Conf\u00e9rencier invit\u00e9 lors de congr\u00e8s et d\u2019\u00e9v\u00e9nements de formation continue, je propose des contenus actuels visant \u00e0 outiller, mobiliser et renforcer la coh\u00e9sion des \u00e9quipes.<\/p>\n<p>[\/et_pb_text][\/et_pb_column][\/et_pb_row][\/et_pb_section]<\/p>\n","protected":false},"excerpt":{"rendered":"<p>D\u00e9couvrez comment la formation Copilot peut transformer votre mani\u00e8re de r\u00e9diger, structurer et enrichir vos contenus professionnels. Destin\u00e9e aux \u00e9quipes de communication, aux directions, aux gestionnaires et aux r\u00e9dacteurs, elle initie une nouvelle fa\u00e7on de collaborer avec l\u2019intelligence artificielle dans l\u2019environnement Microsoft 365.Une formation ax\u00e9e sur vos besoins actuels Copilot est un v\u00e9ritable assistant de [&hellip;]<\/p>\n","protected":false},"author":2,"featured_media":0,"parent":0,"menu_order":0,"comment_status":"closed","ping_status":"closed","template":"","meta":{"_acf_changed":false,"_et_pb_use_builder":"on","_et_pb_old_content":"","_et_gb_content_width":"","inline_featured_image":false,"footnotes":""},"class_list":["post-4104","page","type-page","status-publish","hentry"],"acf":[],"yoast_head":"<!-- This site is optimized with the Yoast SEO plugin v27.5 - https:\/\/yoast.com\/product\/yoast-seo-wordpress\/ -->\n<title>Formation Copilot pour la r\u00e9daction et la communication | Outil IA - Yann Fortier<\/title>\n<meta name=\"description\" content=\"Formation Copilot pour la r\u00e9daction et la communication. Profitez de la puissance de l\u2019intelligence artificielle (IA) dans Microsoft 365 pour cr\u00e9er des contenus plus performants.\" \/>\n<meta name=\"robots\" content=\"index, follow, max-snippet:-1, max-image-preview:large, max-video-preview:-1\" \/>\n<link rel=\"canonical\" href=\"https:\/\/yannfortier.ca\/en\/services\/formation-Copilot\/\" \/>\n<meta property=\"og:locale\" content=\"en_US\" \/>\n<meta property=\"og:type\" content=\"article\" \/>\n<meta property=\"og:title\" content=\"Formation Copilot pour la r\u00e9daction et la communication | Outil IA - Yann Fortier\" \/>\n<meta property=\"og:description\" content=\"Formation Copilot pour la r\u00e9daction et la communication. Profitez de la puissance de l\u2019intelligence artificielle (IA) dans Microsoft 365 pour cr\u00e9er des contenus plus performants.\" \/>\n<meta property=\"og:url\" content=\"https:\/\/yannfortier.ca\/services\/formation-Copilot\/\" \/>\n<meta property=\"og:site_name\" content=\"Yann Fortier\" \/>\n<meta property=\"article:modified_time\" content=\"2026-03-13T18:48:20+00:00\" \/>\n<meta name=\"twitter:card\" content=\"summary_large_image\" \/>\n<meta name=\"twitter:label1\" content=\"Est. reading time\" \/>\n\t<meta name=\"twitter:data1\" content=\"9 minutes\" \/>\n<!-- \/ Yoast SEO plugin. -->","yoast_head_json":{"title":"Formation Copilot pour la r\u00e9daction et la communication | Outil IA - Yann Fortier","description":"Formation Copilot pour la r\u00e9daction et la communication. Profitez de la puissance de l\u2019intelligence artificielle (IA) dans Microsoft 365 pour cr\u00e9er des contenus plus performants.","robots":{"index":"index","follow":"follow","max-snippet":"max-snippet:-1","max-image-preview":"max-image-preview:large","max-video-preview":"max-video-preview:-1"},"canonical":"https:\/\/yannfortier.ca\/en\/services\/formation-Copilot\/","og_locale":"en_US","og_type":"article","og_title":"Formation Copilot pour la r\u00e9daction et la communication | Outil IA - Yann Fortier","og_description":"Formation Copilot pour la r\u00e9daction et la communication. Profitez de la puissance de l\u2019intelligence artificielle (IA) dans Microsoft 365 pour cr\u00e9er des contenus plus performants.","og_url":"https:\/\/yannfortier.ca\/services\/formation-Copilot\/","og_site_name":"Yann Fortier","article_modified_time":"2026-03-13T18:48:20+00:00","twitter_card":"summary_large_image","twitter_misc":{"Est. reading time":"9 minutes"},"schema":{"@context":"https:\/\/schema.org","@graph":[{"@type":"WebPage","@id":"https:\/\/yannfortier.ca\/services\/formation-Copilot\/","url":"https:\/\/yannfortier.ca\/services\/formation-Copilot\/","name":"Formation Copilot pour la r\u00e9daction et la communication | Outil IA - Yann Fortier","isPartOf":{"@id":"https:\/\/yannfortier.ca\/en\/#website"},"datePublished":"2025-04-21T19:03:13+00:00","dateModified":"2026-03-13T18:48:20+00:00","description":"Formation Copilot pour la r\u00e9daction et la communication. Profitez de la puissance de l\u2019intelligence artificielle (IA) dans Microsoft 365 pour cr\u00e9er des contenus plus performants.","breadcrumb":{"@id":"https:\/\/yannfortier.ca\/services\/formation-Copilot\/#breadcrumb"},"inLanguage":"en-US","potentialAction":[{"@type":"ReadAction","target":["https:\/\/yannfortier.ca\/services\/formation-Copilot\/"]}]},{"@type":"BreadcrumbList","@id":"https:\/\/yannfortier.ca\/services\/formation-Copilot\/#breadcrumb","itemListElement":[{"@type":"ListItem","position":1,"name":"Home","item":"https:\/\/yannfortier.ca\/en\/"},{"@type":"ListItem","position":2,"name":"Formation Copilot"}]},{"@type":"WebSite","@id":"https:\/\/yannfortier.ca\/en\/#website","url":"https:\/\/yannfortier.ca\/en\/","name":"Yann Fortier","description":"Strategy | Copywriting | Translation","publisher":{"@id":"https:\/\/yannfortier.ca\/en\/#\/schema\/person\/ef3d5fcd9716f974af4441b3e6f585b8"},"potentialAction":[{"@type":"SearchAction","target":{"@type":"EntryPoint","urlTemplate":"https:\/\/yannfortier.ca\/en\/?s={search_term_string}"},"query-input":{"@type":"PropertyValueSpecification","valueRequired":true,"valueName":"search_term_string"}}],"inLanguage":"en-US"},{"@type":["Person","Organization"],"@id":"https:\/\/yannfortier.ca\/en\/#\/schema\/person\/ef3d5fcd9716f974af4441b3e6f585b8","name":"Yann Fortier","image":{"@type":"ImageObject","inLanguage":"en-US","@id":"https:\/\/yannfortier.ca\/wp-content\/uploads\/2025\/09\/Yann-Fortier-2025-nb-photo-Vivien-Gaumand-4x5-1.webp","url":"https:\/\/yannfortier.ca\/wp-content\/uploads\/2025\/09\/Yann-Fortier-2025-nb-photo-Vivien-Gaumand-4x5-1.webp","contentUrl":"https:\/\/yannfortier.ca\/wp-content\/uploads\/2025\/09\/Yann-Fortier-2025-nb-photo-Vivien-Gaumand-4x5-1.webp","width":1000,"height":1250,"caption":"Yann Fortier"},"logo":{"@id":"https:\/\/yannfortier.ca\/wp-content\/uploads\/2025\/09\/Yann-Fortier-2025-nb-photo-Vivien-Gaumand-4x5-1.webp"}}]}},"_links":{"self":[{"href":"https:\/\/yannfortier.ca\/en\/wp-json\/wp\/v2\/pages\/4104","targetHints":{"allow":["GET"]}}],"collection":[{"href":"https:\/\/yannfortier.ca\/en\/wp-json\/wp\/v2\/pages"}],"about":[{"href":"https:\/\/yannfortier.ca\/en\/wp-json\/wp\/v2\/types\/page"}],"author":[{"embeddable":true,"href":"https:\/\/yannfortier.ca\/en\/wp-json\/wp\/v2\/users\/2"}],"replies":[{"embeddable":true,"href":"https:\/\/yannfortier.ca\/en\/wp-json\/wp\/v2\/comments?post=4104"}],"version-history":[{"count":0,"href":"https:\/\/yannfortier.ca\/en\/wp-json\/wp\/v2\/pages\/4104\/revisions"}],"wp:attachment":[{"href":"https:\/\/yannfortier.ca\/en\/wp-json\/wp\/v2\/media?parent=4104"}],"curies":[{"name":"wp","href":"https:\/\/api.w.org\/{rel}","templated":true}]}}