{"id":2125,"date":"2021-04-08T14:16:21","date_gmt":"2021-04-08T18:16:21","guid":{"rendered":"https:\/\/yannfortier.ca\/?page_id=2125"},"modified":"2026-03-26T16:58:38","modified_gmt":"2026-03-26T20:58:38","slug":"training","status":"publish","type":"page","link":"https:\/\/yannfortier.ca\/en\/services\/training","title":{"rendered":"Training"},"content":{"rendered":"<p>[et_pb_section fb_built=&#8221;1&#8243; fullwidth=&#8221;on&#8221; _builder_version=&#8221;4.16&#8243; global_colors_info=&#8221;{}&#8221;][et_pb_fullwidth_image alt=&#8221;R\u00e9dacteur pigiste et coach en r\u00e9daction \u00e0 Montr\u00e9al&#8221; title_text=&#8221;Yann Fortier est un r\u00e9dacteur pigiste \u00e0 Montr\u00e9al&#8221; admin_label=&#8221;Fullwidth Image&#8221; _builder_version=&#8221;4.25.0&#8243; background_image=&#8221;https:\/\/yannfortier.ca\/wp-content\/uploads\/2016\/02\/dome-1.jpg&#8221; parallax=&#8221;on&#8221; min_height=&#8221;336px&#8221; min_height_tablet=&#8221;336px&#8221; min_height_phone=&#8221;300px&#8221; min_height_last_edited=&#8221;on|desktop&#8221; animation_style=&#8221;fade&#8221; animation_duration=&#8221;500ms&#8221; use_border_color=&#8221;off&#8221; global_module=&#8221;3639&#8243; global_colors_info=&#8221;{}&#8221;][\/et_pb_fullwidth_image][et_pb_fullwidth_header title=&#8221;Training and coaching services&#8221; subhead=&#8221;Certified training, individual guidance and thematic workshops&#8221; _builder_version=&#8221;4.27.4&#8243; title_font=&#8221;|on|||&#8221; subhead_font_size=&#8221;24px&#8221; background_color=&#8221;#333333&#8243; subhead_font_size_tablet=&#8221;&#8221; subhead_font_size_phone=&#8221;&#8221; subhead_font_size_last_edited=&#8221;on|phone&#8221; button_one_letter_spacing_hover=&#8221;0&#8243; button_two_letter_spacing_hover=&#8221;0&#8243; global_colors_info=&#8221;{}&#8221; button_one_text_size__hover_enabled=&#8221;off&#8221; button_two_text_size__hover_enabled=&#8221;off&#8221; button_one_text_color__hover_enabled=&#8221;off&#8221; button_two_text_color__hover_enabled=&#8221;off&#8221; button_one_border_width__hover_enabled=&#8221;off&#8221; button_two_border_width__hover_enabled=&#8221;off&#8221; button_one_border_color__hover_enabled=&#8221;off&#8221; button_two_border_color__hover_enabled=&#8221;off&#8221; button_one_border_radius__hover_enabled=&#8221;off&#8221; button_two_border_radius__hover_enabled=&#8221;off&#8221; button_one_letter_spacing__hover_enabled=&#8221;on&#8221; button_one_letter_spacing__hover=&#8221;0&#8243; button_two_letter_spacing__hover_enabled=&#8221;on&#8221; button_two_letter_spacing__hover=&#8221;0&#8243; button_one_bg_color__hover_enabled=&#8221;off&#8221; button_two_bg_color__hover_enabled=&#8221;off&#8221;][\/et_pb_fullwidth_header][\/et_pb_section][et_pb_section fb_built=&#8221;1&#8243; _builder_version=&#8221;4.16&#8243; global_colors_info=&#8221;{}&#8221;][et_pb_row column_structure=&#8221;1_2,1_2&#8243; _builder_version=&#8221;4.16&#8243; background_size=&#8221;initial&#8221; background_position=&#8221;top_left&#8221; background_repeat=&#8221;repeat&#8221; custom_padding=&#8221;||||false|false&#8221; global_colors_info=&#8221;{}&#8221;][et_pb_column type=&#8221;1_2&#8243; _builder_version=&#8221;4.16&#8243; custom_padding=&#8221;|||&#8221; global_colors_info=&#8221;{}&#8221; custom_padding__hover=&#8221;|||&#8221;][et_pb_blurb title=&#8221;Certified Training&#8221; admin_label=&#8221;Certified Training&#8221; _builder_version=&#8221;4.27.4&#8243; header_level=&#8221;h2&#8243; header_font=&#8221;|on|||&#8221; header_font_size=&#8221;22&#8243; header_line_height=&#8221;2em&#8221; body_text_color=&#8221;#333333&#8243; body_font_size=&#8221;18&#8243; background_size=&#8221;initial&#8221; background_position=&#8221;top_left&#8221; background_repeat=&#8221;repeat&#8221; max_width_tablet=&#8221;50px&#8221; use_border_color=&#8221;off&#8221; global_colors_info=&#8221;{}&#8221;]<\/p>\n<p>Several times a year, I provide three different training sessions at the<a href=\"https:\/\/www.infopresse.com\/service-aux-entreprises\/formations-et-conferences-en-entreprise\/\" target=\"_blank\" rel=\"noopener\"> Infopresse Campus<\/a>. Aimed at communications and marketing professionals, these full-day courses are: Press Release Writing, Branded Content, and Media Relations.<\/p>\n<p>[\/et_pb_blurb][\/et_pb_column][et_pb_column type=&#8221;1_2&#8243; _builder_version=&#8221;4.16&#8243; custom_padding=&#8221;|||&#8221; global_colors_info=&#8221;{}&#8221; custom_padding__hover=&#8221;|||&#8221;][et_pb_blurb title=&#8221;Individual Guidance&#8221; admin_label=&#8221;Individual Guidance&#8221; _builder_version=&#8221;4.27.4&#8243; header_level=&#8221;h2&#8243; header_font=&#8221;|on|||&#8221; header_font_size=&#8221;22&#8243; header_line_height=&#8221;2em&#8221; body_text_color=&#8221;#333333&#8243; body_font_size=&#8221;18&#8243; background_size=&#8221;initial&#8221; background_position=&#8221;top_left&#8221; background_repeat=&#8221;repeat&#8221; max_width_tablet=&#8221;50px&#8221; use_border_color=&#8221;off&#8221; global_colors_info=&#8221;{}&#8221;]<\/p>\n<p>I also offer personalized coaching to junior, intermediate or expert-level writers. Specifically, we broach the following topics: angles, tones, tips and tricks, tools, briefs, approvals, and best practices. In addition, I also frequently tinker with and optimize draft copy of any nature.<\/p>\n<p>[\/et_pb_blurb][\/et_pb_column][\/et_pb_row][et_pb_row column_structure=&#8221;1_2,1_2&#8243; disabled_on=&#8221;on|on|on&#8221; _builder_version=&#8221;4.16&#8243; background_size=&#8221;initial&#8221; background_position=&#8221;top_left&#8221; background_repeat=&#8221;repeat&#8221; disabled=&#8221;on&#8221; global_colors_info=&#8221;{}&#8221;][et_pb_column type=&#8221;1_2&#8243; _builder_version=&#8221;4.16&#8243; custom_padding=&#8221;|||&#8221; global_colors_info=&#8221;{}&#8221; custom_padding__hover=&#8221;|||&#8221;][et_pb_blurb title=&#8221;Freelance Copywriter&#8221; admin_label=&#8221;Your benefits&#8221; _builder_version=&#8221;4.16&#8243; header_level=&#8221;h2&#8243; header_font=&#8221;|on|||&#8221; header_font_size=&#8221;22&#8243; header_line_height=&#8221;2em&#8221; body_text_color=&#8221;#333333&#8243; body_font_size=&#8221;18&#8243; background_size=&#8221;initial&#8221; background_position=&#8221;top_left&#8221; background_repeat=&#8221;repeat&#8221; max_width_tablet=&#8221;50px&#8221; use_border_color=&#8221;off&#8221; global_colors_info=&#8221;{}&#8221;]<\/p>\n<ul>\n<li>Versatile, creative, friendly<\/li>\n<li>Client-focused approach, with associated targets and results<\/li>\n<li>Coherence and consistency<\/li>\n<li>Thorough understanding of business environments<\/li>\n<li>Meets budgets and deadlines<\/li>\n<li>Honesty, rigour and discretion<\/li>\n<\/ul>\n<p>[\/et_pb_blurb][\/et_pb_column][et_pb_column type=&#8221;1_2&#8243; _builder_version=&#8221;4.16&#8243; custom_padding=&#8221;|||&#8221; global_colors_info=&#8221;{}&#8221; custom_padding__hover=&#8221;|||&#8221;][et_pb_blurb title=&#8221;Writing Trainer and Coach&#8221; admin_label=&#8221;Strategic alignment&#8221; _builder_version=&#8221;4.16&#8243; header_level=&#8221;h2&#8243; header_font=&#8221;|on|||&#8221; header_font_size=&#8221;22&#8243; header_line_height=&#8221;2em&#8221; body_text_color=&#8221;#333333&#8243; body_font_size=&#8221;18&#8243; background_size=&#8221;initial&#8221; background_position=&#8221;top_left&#8221; background_repeat=&#8221;repeat&#8221; max_width_tablet=&#8221;50px&#8221; use_border_color=&#8221;off&#8221; global_colors_info=&#8221;{}&#8221;]<\/p>\n<ul>\n<li>Survey of brand and its objectives<\/li>\n<li>Consulting services and writing coach<\/li>\n<li>Exploration of platforms and identification of targets<\/li>\n<li>Production of content (text, narration, targets, angles)<\/li>\n<li>Editorial strategy and resource optimization<\/li>\n<li>Recommendation of approaches, tools and networks<\/li>\n<\/ul>\n<p>[\/et_pb_blurb][\/et_pb_column][\/et_pb_row][\/et_pb_section]<\/p>\n","protected":false},"excerpt":{"rendered":"<p>Several times a year, I provide three different training sessions at the Infopresse Campus. Aimed at communications and marketing professionals, these full-day courses are: Press Release Writing, Branded Content, and Media Relations.I also offer personalized coaching to junior, intermediate or expert-level writers. Specifically, we broach the following topics: angles, tones, tips and tricks, tools, briefs, [&hellip;]<\/p>\n","protected":false},"author":2,"featured_media":0,"parent":0,"menu_order":3,"comment_status":"closed","ping_status":"closed","template":"","meta":{"_acf_changed":false,"_et_pb_use_builder":"on","_et_pb_old_content":"","_et_gb_content_width":"","inline_featured_image":false,"footnotes":""},"class_list":["post-2125","page","type-page","status-publish","hentry"],"acf":[],"yoast_head":"<!-- This site is optimized with the Yoast SEO plugin v27.5 - https:\/\/yoast.com\/product\/yoast-seo-wordpress\/ -->\n<title>Yann Fortier | Freelance French-language trainer in Montr\u00e9al<\/title>\n<meta name=\"description\" content=\"Certified training, individual guidance and thematic workshops aimed at communications and marketing professionals.\" \/>\n<meta name=\"robots\" content=\"index, follow, max-snippet:-1, max-image-preview:large, max-video-preview:-1\" \/>\n<link rel=\"canonical\" href=\"https:\/\/yannfortier.ca\/en\/services\/training\/\" \/>\n<meta property=\"og:locale\" content=\"en_US\" \/>\n<meta property=\"og:type\" content=\"article\" \/>\n<meta property=\"og:title\" content=\"Yann Fortier | Freelance French-language trainer in Montr\u00e9al\" \/>\n<meta property=\"og:description\" content=\"Certified training, individual guidance and thematic workshops aimed at communications and marketing professionals.\" \/>\n<meta property=\"og:url\" content=\"https:\/\/yannfortier.ca\/en\/services\/training\" \/>\n<meta property=\"og:site_name\" content=\"Yann Fortier\" \/>\n<meta property=\"article:modified_time\" content=\"2026-03-26T20:58:38+00:00\" \/>\n<meta property=\"og:image\" content=\"http:\/\/56\" \/>\n<meta name=\"twitter:card\" content=\"summary_large_image\" \/>\n<meta name=\"twitter:label1\" content=\"Est. reading time\" \/>\n\t<meta name=\"twitter:data1\" content=\"4 minutes\" \/>\n<!-- \/ Yoast SEO plugin. -->","yoast_head_json":{"title":"Yann Fortier | Freelance French-language trainer in Montr\u00e9al","description":"Certified training, individual guidance and thematic workshops aimed at communications and marketing professionals.","robots":{"index":"index","follow":"follow","max-snippet":"max-snippet:-1","max-image-preview":"max-image-preview:large","max-video-preview":"max-video-preview:-1"},"canonical":"https:\/\/yannfortier.ca\/en\/services\/training\/","og_locale":"en_US","og_type":"article","og_title":"Yann Fortier | Freelance French-language trainer in Montr\u00e9al","og_description":"Certified training, individual guidance and thematic workshops aimed at communications and marketing professionals.","og_url":"https:\/\/yannfortier.ca\/en\/services\/training","og_site_name":"Yann Fortier","article_modified_time":"2026-03-26T20:58:38+00:00","og_image":[{"url":"56","type":"","width":"","height":""}],"twitter_card":"summary_large_image","twitter_misc":{"Est. reading time":"4 minutes"},"schema":{"@context":"https:\/\/schema.org","@graph":[{"@type":"WebPage","@id":"https:\/\/yannfortier.ca\/en\/services\/training","url":"https:\/\/yannfortier.ca\/en\/services\/training","name":"Yann Fortier | Freelance French-language trainer in Montr\u00e9al","isPartOf":{"@id":"https:\/\/yannfortier.ca\/en\/#website"},"datePublished":"2021-04-08T18:16:21+00:00","dateModified":"2026-03-26T20:58:38+00:00","description":"Certified training, individual guidance and thematic workshops aimed at communications and marketing professionals.","breadcrumb":{"@id":"https:\/\/yannfortier.ca\/en\/services\/training#breadcrumb"},"inLanguage":"en-US","potentialAction":[{"@type":"ReadAction","target":["https:\/\/yannfortier.ca\/en\/services\/training"]}]},{"@type":"BreadcrumbList","@id":"https:\/\/yannfortier.ca\/en\/services\/training#breadcrumb","itemListElement":[{"@type":"ListItem","position":1,"name":"Home","item":"https:\/\/yannfortier.ca\/en\/"},{"@type":"ListItem","position":2,"name":"Training"}]},{"@type":"WebSite","@id":"https:\/\/yannfortier.ca\/en\/#website","url":"https:\/\/yannfortier.ca\/en\/","name":"Yann Fortier","description":"Strategy | Copywriting | Translation","publisher":{"@id":"https:\/\/yannfortier.ca\/en\/#\/schema\/person\/ef3d5fcd9716f974af4441b3e6f585b8"},"potentialAction":[{"@type":"SearchAction","target":{"@type":"EntryPoint","urlTemplate":"https:\/\/yannfortier.ca\/en\/?s={search_term_string}"},"query-input":{"@type":"PropertyValueSpecification","valueRequired":true,"valueName":"search_term_string"}}],"inLanguage":"en-US"},{"@type":["Person","Organization"],"@id":"https:\/\/yannfortier.ca\/en\/#\/schema\/person\/ef3d5fcd9716f974af4441b3e6f585b8","name":"Yann Fortier","image":{"@type":"ImageObject","inLanguage":"en-US","@id":"https:\/\/yannfortier.ca\/wp-content\/uploads\/2025\/09\/Yann-Fortier-2025-nb-photo-Vivien-Gaumand-4x5-1.webp","url":"https:\/\/yannfortier.ca\/wp-content\/uploads\/2025\/09\/Yann-Fortier-2025-nb-photo-Vivien-Gaumand-4x5-1.webp","contentUrl":"https:\/\/yannfortier.ca\/wp-content\/uploads\/2025\/09\/Yann-Fortier-2025-nb-photo-Vivien-Gaumand-4x5-1.webp","width":1000,"height":1250,"caption":"Yann Fortier"},"logo":{"@id":"https:\/\/yannfortier.ca\/wp-content\/uploads\/2025\/09\/Yann-Fortier-2025-nb-photo-Vivien-Gaumand-4x5-1.webp"}}]}},"_links":{"self":[{"href":"https:\/\/yannfortier.ca\/en\/wp-json\/wp\/v2\/pages\/2125","targetHints":{"allow":["GET"]}}],"collection":[{"href":"https:\/\/yannfortier.ca\/en\/wp-json\/wp\/v2\/pages"}],"about":[{"href":"https:\/\/yannfortier.ca\/en\/wp-json\/wp\/v2\/types\/page"}],"author":[{"embeddable":true,"href":"https:\/\/yannfortier.ca\/en\/wp-json\/wp\/v2\/users\/2"}],"replies":[{"embeddable":true,"href":"https:\/\/yannfortier.ca\/en\/wp-json\/wp\/v2\/comments?post=2125"}],"version-history":[{"count":1,"href":"https:\/\/yannfortier.ca\/en\/wp-json\/wp\/v2\/pages\/2125\/revisions"}],"predecessor-version":[{"id":5825,"href":"https:\/\/yannfortier.ca\/en\/wp-json\/wp\/v2\/pages\/2125\/revisions\/5825"}],"wp:attachment":[{"href":"https:\/\/yannfortier.ca\/en\/wp-json\/wp\/v2\/media?parent=2125"}],"curies":[{"name":"wp","href":"https:\/\/api.w.org\/{rel}","templated":true}]}}