{"id":1634,"date":"2020-05-07T14:31:50","date_gmt":"2020-05-07T18:31:50","guid":{"rendered":"https:\/\/yannfortier.ca\/?page_id=1634"},"modified":"2026-02-04T19:02:18","modified_gmt":"2026-02-05T00:02:18","slug":"tonalite-de-marque","status":"publish","type":"page","link":"https:\/\/yannfortier.ca\/services\/tonalite-de-marque\/","title":{"rendered":"Levez le ton! Atelier collectif de tonalit\u00e9 de marque"},"content":{"rendered":"<p>[et_pb_section fb_built=&#8221;1&#8243; fullwidth=&#8221;on&#8221; admin_label=&#8221;Section&#8221; _builder_version=&#8221;4.16&#8243; global_colors_info=&#8221;{}&#8221;][et_pb_fullwidth_image alt=&#8221;R\u00e9dacteur pigiste et coach en r\u00e9daction \u00e0 Montr\u00e9al&#8221; title_text=&#8221;Yann Fortier est un r\u00e9dacteur pigiste \u00e0 Montr\u00e9al&#8221; admin_label=&#8221;Image en-t\u00eate pleine largeur&#8221; _builder_version=&#8221;4.25.0&#8243; background_image=&#8221;https:\/\/yannfortier.ca\/wp-content\/uploads\/2016\/02\/dome-1.jpg&#8221; parallax=&#8221;on&#8221; min_height=&#8221;336px&#8221; min_height_tablet=&#8221;336px&#8221; min_height_phone=&#8221;300px&#8221; min_height_last_edited=&#8221;on|tablet&#8221; animation_style=&#8221;fade&#8221; animation_duration=&#8221;500ms&#8221; use_border_color=&#8221;off&#8221; global_module=&#8221;3610&#8243; saved_tabs=&#8221;all&#8221; global_colors_info=&#8221;{}&#8221;][\/et_pb_fullwidth_image][et_pb_fullwidth_header title=&#8221;Levez le ton!&#8221; subhead=&#8221;Atelier collectif de tonalit\u00e9 de marque&#8221; admin_label=&#8221;Manifestez votre tonalit\u00e9! &#8221; _builder_version=&#8221;4.27.4&#8243; title_font=&#8221;|on|||&#8221; content_font_size=&#8221;24px&#8221; subhead_font_size=&#8221;24px&#8221; background_color=&#8221;#333333&#8243; global_colors_info=&#8221;{}&#8221; button_one_text_size__hover_enabled=&#8221;off&#8221; button_two_text_size__hover_enabled=&#8221;off&#8221; button_one_text_color__hover_enabled=&#8221;off&#8221; button_two_text_color__hover_enabled=&#8221;off&#8221; button_one_border_width__hover_enabled=&#8221;off&#8221; button_two_border_width__hover_enabled=&#8221;off&#8221; button_one_border_color__hover_enabled=&#8221;off&#8221; button_two_border_color__hover_enabled=&#8221;off&#8221; button_one_border_radius__hover_enabled=&#8221;off&#8221; button_two_border_radius__hover_enabled=&#8221;off&#8221; button_one_letter_spacing__hover_enabled=&#8221;off&#8221; button_two_letter_spacing__hover_enabled=&#8221;off&#8221; button_one_bg_color__hover_enabled=&#8221;off&#8221; button_two_bg_color__hover_enabled=&#8221;off&#8221;][\/et_pb_fullwidth_header][\/et_pb_section][et_pb_section fb_built=&#8221;1&#8243; _builder_version=&#8221;4.27.4&#8243; _module_preset=&#8221;default&#8221; background_color=&#8221;#f5f5f5&#8243; global_colors_info=&#8221;{}&#8221;][et_pb_row _builder_version=&#8221;4.27.4&#8243; _module_preset=&#8221;default&#8221; custom_margin=&#8221;0px||0px||true|false&#8221; custom_padding=&#8221;0px||0px||true|false&#8221; global_colors_info=&#8221;{}&#8221;][et_pb_column type=&#8221;4_4&#8243; _builder_version=&#8221;4.27.4&#8243; _module_preset=&#8221;default&#8221; global_colors_info=&#8221;{}&#8221;][et_pb_text admin_label=&#8221;Texte intro&#8221; _builder_version=&#8221;4.27.4&#8243; _module_preset=&#8221;default&#8221; text_font_size=&#8221;24px&#8221; global_colors_info=&#8221;{}&#8221;]<\/p>\n<p>Si les mots sont importants, la tonalit\u00e9 est le moteur pour les propulser plus loin, dans la bonne direction. La tonalit\u00e9 de marque, c\u2019est la personnalit\u00e9 de votre organisation. Pour que celle-ci prenne forme et performe, elle doit s\u2019ancrer sur une vision claire et une r\u00e9elle coh\u00e9rence entre les \u00e9quipes, les d\u00e9partements, les objectifs et la cible.<\/p>\n<p>[\/et_pb_text][\/et_pb_column][\/et_pb_row][\/et_pb_section][et_pb_section fb_built=&#8221;1&#8243; admin_label=&#8221;section&#8221; _builder_version=&#8221;4.16&#8243; global_colors_info=&#8221;{}&#8221;][et_pb_row column_structure=&#8221;2_3,1_3&#8243; admin_label=&#8221;row&#8221; _builder_version=&#8221;4.16&#8243; background_size=&#8221;initial&#8221; background_position=&#8221;top_left&#8221; background_repeat=&#8221;repeat&#8221; global_colors_info=&#8221;{}&#8221;][et_pb_column type=&#8221;2_3&#8243; _builder_version=&#8221;4.16&#8243; custom_padding=&#8221;|||&#8221; global_colors_info=&#8221;{}&#8221; custom_padding__hover=&#8221;|||&#8221;][et_pb_text admin_label=&#8221;La personnalit\u00e9 de votre organisation&#8221; _builder_version=&#8221;4.27.4&#8243; header_2_font=&#8221;|700|||||||&#8221; header_3_font=&#8221;|700|||||||&#8221; hover_enabled=&#8221;0&#8243; global_colors_info=&#8221;{}&#8221; sticky_enabled=&#8221;0&#8243;]<\/p>\n<h2>La personnalit\u00e9 de votre organisation<\/h2>\n<p>Cet atelier met en mots, \u00e0 l\u2019aide d\u2019exemples et d\u2019exercices participatifs concrets, les fondements de votre marque, entreprise, organisme ou administration publique, en s\u2019appuyant sur votre mission, vos valeurs et votre promesse.<\/p>\n<p>En groupe, \u00e0 l\u2019aide d\u2019exemples r\u00e9els, l\u2019occasion est id\u00e9ale pour explorer et repenser la mani\u00e8re d\u2019aborder les phrases, les textes, les images, les contenus produits par vos \u00e9quipes, agences ou pigistes. Au fait, si votre organisation \u00e9tait un pays, un instrument de musique, un fruit? Si vous n\u2019aviez qu\u2019un verbe pour r\u00e9sumer son positionnement dans cinq ans?<\/p>\n<h2>Un diagnostic pr\u00e9cis<\/h2>\n<p>Un diagnostic de vos pratiques, des \u00e9tudes de cas et une analyse de vos communications, notamment par le prisme d\u2019indices de lisibilit\u00e9 \u00e9valuant la clart\u00e9 de vos textes, accompagnent ces trois heures au c\u0153ur de votre tonalit\u00e9 de marque. Au passage, on en profite \u00e9galement pour observer la concurrence.<\/p>\n<p>L\u2019atelier permettra d\u2019extraire des pistes et des tendances (\u00e0 faire\/\u00e0 \u00e9viter), que vous recevrez sous forme de rapport d\u2019observation. En fonction des r\u00e9ponses de vos \u00e9quipes, vous profiterez donc d\u2019une s\u00e9rie de conseils pour rehausser la performance et la coh\u00e9rence de vos prochains contenus.<\/p>\n<p>[\/et_pb_text][\/et_pb_column][et_pb_column type=&#8221;1_3&#8243; _builder_version=&#8221;4.16&#8243; custom_padding=&#8221;|||&#8221; global_colors_info=&#8221;{}&#8221; custom_padding__hover=&#8221;|||&#8221;][et_pb_text admin_label=&#8221;D\u00e9tails&#8221; _builder_version=&#8221;4.16&#8243; global_colors_info=&#8221;{}&#8221;]<\/p>\n<h2><strong>D\u00e9tails<\/strong><\/h2>\n<p>Dur\u00e9e : 3 h<br \/>Tarif : sur demande selon le lieu et le nombre de participants<\/p>\n<h2><strong>Lieu ou mode<br \/><\/strong><\/h2>\n<h2><strong><\/strong><\/h2>\n<p>En pr\u00e9sentiel (Qu\u00e9bec et Ontario)<br \/>En ligne\u00a0<br \/>Espace locatif<\/p>\n<p>[\/et_pb_text][et_pb_text admin_label=&#8221;Des questions?&#8221; _builder_version=&#8221;4.27.4&#8243; _module_preset=&#8221;default&#8221; header_2_font=&#8221;|700|||||||&#8221; global_module=&#8221;4219&#8243; saved_tabs=&#8221;all&#8221; global_colors_info=&#8221;{}&#8221;]<\/p>\n<h2>Des questions?<\/h2>\n<p><a href=\"mailto:info@yannfortier.ca\">info@yannfortier.ca<\/a> | <a href=\"tel:+15144021353\">+1 514 402-1353<\/a><\/p>\n<p>[\/et_pb_text][et_pb_button button_url=&#8221;https:\/\/calendly.com\/yannfortier\/30min&#8221; url_new_window=&#8221;on&#8221; button_text=&#8221;R\u00e9servez une r\u00e9union gratuite&#8221; admin_label=&#8221;R\u00e9servez une r\u00e9union gratuite&#8221; _builder_version=&#8221;4.27.4&#8243; _module_preset=&#8221;default&#8221; custom_button=&#8221;on&#8221; button_text_size=&#8221;18px&#8221; button_text_color=&#8221;#ef4937&#8243; button_border_color=&#8221;#ef4937&#8243; button_icon=&#8221;&#xf073;||fa||400&#8243; button_icon_color=&#8221;#ef4937&#8243; button_icon_placement=&#8221;left&#8221; button_on_hover=&#8221;off&#8221; global_module=&#8221;4846&#8243; global_colors_info=&#8221;{}&#8221;][\/et_pb_button][\/et_pb_column][\/et_pb_row][\/et_pb_section][et_pb_section fb_built=&#8221;1&#8243; fullwidth=&#8221;on&#8221; _builder_version=&#8221;4.16&#8243; custom_margin=&#8221;||0px||false|false&#8221; custom_padding=&#8221;||0px||false|false&#8221; global_colors_info=&#8221;{}&#8221;][et_pb_fullwidth_header title=&#8221;Vos b\u00e9n\u00e9fices&#8221; admin_label=&#8221;Vos b\u00e9n\u00e9fices&#8221; _builder_version=&#8221;4.27.4&#8243; title_level=&#8221;h2&#8243; title_font=&#8221;|700|||||||&#8221; background_color=&#8221;#777777&#8243; max_width_tablet=&#8221;50px&#8221; global_colors_info=&#8221;{}&#8221; button_one_text_size__hover_enabled=&#8221;off&#8221; button_two_text_size__hover_enabled=&#8221;off&#8221; button_one_text_color__hover_enabled=&#8221;off&#8221; button_two_text_color__hover_enabled=&#8221;off&#8221; button_one_border_width__hover_enabled=&#8221;off&#8221; button_two_border_width__hover_enabled=&#8221;off&#8221; button_one_border_color__hover_enabled=&#8221;off&#8221; button_two_border_color__hover_enabled=&#8221;off&#8221; button_one_border_radius__hover_enabled=&#8221;off&#8221; button_two_border_radius__hover_enabled=&#8221;off&#8221; button_one_letter_spacing__hover_enabled=&#8221;off&#8221; button_two_letter_spacing__hover_enabled=&#8221;off&#8221; button_one_bg_color__hover_enabled=&#8221;off&#8221; button_two_bg_color__hover_enabled=&#8221;off&#8221;]<\/p>\n<p>\u00c0 la fois strat\u00e9gique et convivial, l\u2019atelier collectif <em>Levez le ton!<\/em> devrait interpeller celles et ceux impliqu\u00e9s dans la cr\u00e9ation de contenu, l\u2019image de marque, la communication, le marketing, les ressources humaines et la vente de produits ou services.<\/p>\n<p>[\/et_pb_fullwidth_header][\/et_pb_section][et_pb_section fb_built=&#8221;1&#8243; disabled_on=&#8221;off|off|off&#8221; admin_label=&#8221;Services offerts 2026&#8243; module_id=&#8221;menu-formations&#8221; _builder_version=&#8221;4.27.4&#8243; background_color=&#8221;#f5f5f5&#8243; min_height=&#8221;246px&#8221; custom_margin=&#8221;||||false|false&#8221; custom_padding=&#8221;20px||30px||false|false&#8221; global_module=&#8221;1817&#8243; saved_tabs=&#8221;all&#8221; global_colors_info=&#8221;{}&#8221;][et_pb_row _builder_version=&#8221;4.27.4&#8243; _module_preset=&#8221;default&#8221; custom_padding=&#8221;||0px||false|false&#8221; global_colors_info=&#8221;{}&#8221;][et_pb_column type=&#8221;4_4&#8243; _builder_version=&#8221;4.27.4&#8243; _module_preset=&#8221;default&#8221; global_colors_info=&#8221;{}&#8221;][et_pb_text admin_label=&#8221;Services offerts : formations, conf\u00e9rences, ateliers et coaching&#8221; _builder_version=&#8221;4.27.4&#8243; _module_preset=&#8221;default&#8221; header_2_font=&#8221;|700|||||||&#8221; header_3_font=&#8221;|700|||||||&#8221; global_colors_info=&#8221;{}&#8221;]<\/p>\n<h2>Services offerts : formations, conf\u00e9rences, ateliers et coaching<\/h2>\n<p>[\/et_pb_text][\/et_pb_column][\/et_pb_row][et_pb_row column_structure=&#8221;1_2,1_2&#8243; _builder_version=&#8221;4.27.4&#8243; custom_padding=&#8221;||0px|3px|false|false&#8221; collapsed=&#8221;off&#8221; global_colors_info=&#8221;{}&#8221;][et_pb_column type=&#8221;1_2&#8243; _builder_version=&#8221;4.16&#8243; global_colors_info=&#8221;{}&#8221;][et_pb_text admin_label=&#8221;R\u00e9daction et pr\u00e9sentations strat\u00e9giques &#8221; _builder_version=&#8221;4.27.4&#8243; header_3_font=&#8221;|600|||||||&#8221; width=&#8221;99.9%&#8221; custom_padding=&#8221;||||false|false&#8221; global_colors_info=&#8221;{}&#8221;]<\/p>\n<h3>R\u00e9daction et pr\u00e9sentations strat\u00e9giques<\/h3>\n<p><a href=\"https:\/\/yannfortier.ca\/services\/formation\/redaction-claire\/\">R\u00e9daction claire<\/a>\u00a0| 3\u00a0h \u00e0 6\u00a0h<br \/><a href=\"https:\/\/yannfortier.ca\/services\/formation\/storytelling\/\">Storytelling<\/a>\u00a0| 3\u00a0h \u00e0 6\u00a0h<br \/><a href=\"https:\/\/www.infopresse.com\/formation\/communiques-de-presse-combinez-performance-et-pertinence\" target=\"_blank\" rel=\"noopener\">Communiqu\u00e9s de presse<\/a> | 6\u00a0h | Infopresse<br \/><a href=\"https:\/\/www.infopresse.com\/formation\/allocutions-et-discours-redigez-des-textes-porteurs-decoute-et-de-sens\" target=\"_blank\" rel=\"noopener\">Discours et allocutions<\/a>\u00a0| 6\u00a0h | Infopresse<br \/><a href=\"https:\/\/yannfortier.ca\/services\/formation-IA-demandes-de-subvention\/\">Demandes de subvention et IA<\/a>\u00a0| 3\u00a0h<br \/><a href=\"https:\/\/www.infopresse.com\/formation\/certification-en-redaction-storytelling-et-ia\" target=\"_blank\" rel=\"noopener\">Certification : r\u00e9daction, storytelling, IA<\/a> | Infopresse<\/p>\n<p>[\/et_pb_text][\/et_pb_column][et_pb_column type=&#8221;1_2&#8243; _builder_version=&#8221;4.16&#8243; global_colors_info=&#8221;{}&#8221;][et_pb_text admin_label=&#8221;Intelligence artificielle (IA) et outils num\u00e9riques&#8221; _builder_version=&#8221;4.27.4&#8243; header_3_font=&#8221;|600|||||||&#8221; width=&#8221;100%&#8221; custom_padding=&#8221;||||false|false&#8221; global_colors_info=&#8221;{}&#8221;]<\/p>\n<h3>R\u00e9daction, style et pr\u00e9sentations visuelles<\/h3>\n<p><a href=\"https:\/\/yannfortier.ca\/services\/formation-Copilot\">Formation <\/a><a href=\"https:\/\/yannfortier.ca\/services\/formation-Copilot\/\">Copilot<\/a><a href=\"https:\/\/yannfortier.ca\/services\/formation-Copilot\"> et IA<\/a> pour communications\u00a0 | 1 h \u00e0 6 h<br \/><a href=\"https:\/\/yannfortier.ca\/services\/formation-ChatGPT\">Formation <\/a><a href=\"https:\/\/yannfortier.ca\/services\/formation-ChatGPT\">ChatGPT<\/a><a href=\"https:\/\/yannfortier.ca\/services\/formation-ChatGPT\"> et IA<\/a>\u00a0pour communications\u00a0 | 1 h \u00e0 6 h<br \/><a href=\"https:\/\/yannfortier.ca\/services\/formation-antidote\">Logiciel Antidote<\/a> | 3 h | En entreprise ou individuelle<br \/><a href=\"https:\/\/yannfortier.ca\/services\/formation-PowerPoint\">Pr\u00e9sentations PowerPoint<\/a>\u00a0| 3 h \u00e0 6 h<\/p>\n<p>[\/et_pb_text][\/et_pb_column][\/et_pb_row][et_pb_row column_structure=&#8221;1_2,1_2&#8243; _builder_version=&#8221;4.27.4&#8243; custom_padding=&#8221;||0px||false|false&#8221; collapsed=&#8221;off&#8221; global_colors_info=&#8221;{}&#8221;][et_pb_column type=&#8221;1_2&#8243; _builder_version=&#8221;4.16&#8243; global_colors_info=&#8221;{}&#8221;][et_pb_text admin_label=&#8221;Coaching personnalis\u00e9 et ateliers de groupe&#8221; _builder_version=&#8221;4.27.4&#8243; header_3_font=&#8221;|600|||||||&#8221; width=&#8221;100%&#8221; custom_padding=&#8221;||||false|false&#8221; global_colors_info=&#8221;{}&#8221;]<\/p>\n<h3>Coaching personnalis\u00e9 et ateliers de groupe<\/h3>\n<p><a href=\"\/services\/coaching-en-redaction\">Coaching en r\u00e9daction<\/a> | Accompagnement individuel<br \/><a href=\"https:\/\/yannfortier.ca\/services\/brief-de-redaction\">Rehaussez votre <em>brief<\/em> de r\u00e9daction!<\/a> | Atelier collectif<br \/><a href=\"https:\/\/yannfortier.ca\/services\/tonalite-de-marque\">Levez le ton!<\/a> | Atelier collectif de tonalit\u00e9 de marque<br \/><span lang=\"FR-CA\">Strat\u00e9gie r\u00e9dactionnelle\u00a0| Atelier collectif<\/span><\/p>\n<p>[\/et_pb_text][\/et_pb_column][et_pb_column type=&#8221;1_2&#8243; _builder_version=&#8221;4.16&#8243; global_colors_info=&#8221;{}&#8221;][et_pb_text admin_label=&#8221;Conf\u00e9rences&#8221; _builder_version=&#8221;4.27.4&#8243; header_3_font=&#8221;|600|||||||&#8221; width=&#8221;100%&#8221; custom_padding=&#8221;||||false|false&#8221; global_colors_info=&#8221;{}&#8221;]<\/p>\n<h3>Conf\u00e9rences<\/h3>\n<p><a href=\"https:\/\/yannfortier.ca\/services\/conferencier\">Conf\u00e9rencier en r\u00e9daction, communication et IA<\/a><br \/>Conf\u00e9rencier invit\u00e9 lors de congr\u00e8s et d\u2019\u00e9v\u00e9nements de formation continue, je propose des contenus actuels visant \u00e0 outiller, mobiliser et renforcer la coh\u00e9sion des \u00e9quipes.<\/p>\n<p>[\/et_pb_text][\/et_pb_column][\/et_pb_row][\/et_pb_section]<\/p>\n","protected":false},"excerpt":{"rendered":"<p>Cette formation individuelle en r\u00e9daction est destin\u00e9e aux professionnels souhaitant rehausser la performance de leurs textes.<\/p>\n","protected":false},"author":2,"featured_media":0,"parent":0,"menu_order":3,"comment_status":"closed","ping_status":"closed","template":"","meta":{"_acf_changed":false,"_et_pb_use_builder":"on","_et_pb_old_content":"","_et_gb_content_width":"","inline_featured_image":false,"footnotes":""},"class_list":["post-1634","page","type-page","status-publish","hentry"],"acf":[],"yoast_head":"<!-- This site is optimized with the Yoast SEO plugin v27.5 - https:\/\/yoast.com\/product\/yoast-seo-wordpress\/ -->\n<title>Levez le ton! | Atelier collectif de tonalit\u00e9 de marque<\/title>\n<meta name=\"description\" content=\"Offrez \u00e0 votre \u00e9quipe cet atelier destin\u00e9 aux organisations aspirant \u00e0 produire des textes solidement ancr\u00e9s dans leurs valeurs et strat\u00e9gies de marque.\" \/>\n<meta name=\"robots\" content=\"index, follow, max-snippet:-1, max-image-preview:large, max-video-preview:-1\" \/>\n<link rel=\"canonical\" href=\"https:\/\/yannfortier.ca\/en\/services\/tonalite-de-marque\/\" \/>\n<meta property=\"og:locale\" content=\"en_US\" \/>\n<meta property=\"og:type\" content=\"article\" \/>\n<meta property=\"og:title\" content=\"Levez le ton! | Atelier collectif de tonalit\u00e9 de marque\" \/>\n<meta property=\"og:description\" content=\"Offrez \u00e0 votre \u00e9quipe cet atelier destin\u00e9 aux organisations aspirant \u00e0 produire des textes solidement ancr\u00e9s dans leurs valeurs et strat\u00e9gies de marque.\" \/>\n<meta property=\"og:url\" content=\"https:\/\/yannfortier.ca\/services\/tonalite-de-marque\/\" \/>\n<meta property=\"og:site_name\" content=\"Yann Fortier\" \/>\n<meta property=\"article:modified_time\" content=\"2026-02-05T00:02:18+00:00\" \/>\n<meta name=\"twitter:card\" content=\"summary_large_image\" \/>\n<meta name=\"twitter:label1\" content=\"Est. reading time\" \/>\n\t<meta name=\"twitter:data1\" content=\"7 minutes\" \/>\n<!-- \/ Yoast SEO plugin. -->","yoast_head_json":{"title":"Levez le ton! | Atelier collectif de tonalit\u00e9 de marque","description":"Offrez \u00e0 votre \u00e9quipe cet atelier destin\u00e9 aux organisations aspirant \u00e0 produire des textes solidement ancr\u00e9s dans leurs valeurs et strat\u00e9gies de marque.","robots":{"index":"index","follow":"follow","max-snippet":"max-snippet:-1","max-image-preview":"max-image-preview:large","max-video-preview":"max-video-preview:-1"},"canonical":"https:\/\/yannfortier.ca\/en\/services\/tonalite-de-marque\/","og_locale":"en_US","og_type":"article","og_title":"Levez le ton! | Atelier collectif de tonalit\u00e9 de marque","og_description":"Offrez \u00e0 votre \u00e9quipe cet atelier destin\u00e9 aux organisations aspirant \u00e0 produire des textes solidement ancr\u00e9s dans leurs valeurs et strat\u00e9gies de marque.","og_url":"https:\/\/yannfortier.ca\/services\/tonalite-de-marque\/","og_site_name":"Yann Fortier","article_modified_time":"2026-02-05T00:02:18+00:00","twitter_card":"summary_large_image","twitter_misc":{"Est. reading time":"7 minutes"},"schema":{"@context":"https:\/\/schema.org","@graph":[{"@type":"WebPage","@id":"https:\/\/yannfortier.ca\/services\/tonalite-de-marque\/","url":"https:\/\/yannfortier.ca\/services\/tonalite-de-marque\/","name":"Levez le ton! | Atelier collectif de tonalit\u00e9 de marque","isPartOf":{"@id":"https:\/\/yannfortier.ca\/en\/#website"},"datePublished":"2020-05-07T18:31:50+00:00","dateModified":"2026-02-05T00:02:18+00:00","description":"Offrez \u00e0 votre \u00e9quipe cet atelier destin\u00e9 aux organisations aspirant \u00e0 produire des textes solidement ancr\u00e9s dans leurs valeurs et strat\u00e9gies de marque.","breadcrumb":{"@id":"https:\/\/yannfortier.ca\/services\/tonalite-de-marque\/#breadcrumb"},"inLanguage":"en-US","potentialAction":[{"@type":"ReadAction","target":["https:\/\/yannfortier.ca\/services\/tonalite-de-marque\/"]}]},{"@type":"BreadcrumbList","@id":"https:\/\/yannfortier.ca\/services\/tonalite-de-marque\/#breadcrumb","itemListElement":[{"@type":"ListItem","position":1,"name":"Home","item":"https:\/\/yannfortier.ca\/en\/"},{"@type":"ListItem","position":2,"name":"Levez le ton! Atelier collectif de tonalit\u00e9 de marque"}]},{"@type":"WebSite","@id":"https:\/\/yannfortier.ca\/en\/#website","url":"https:\/\/yannfortier.ca\/en\/","name":"Yann Fortier","description":"Strategy | Copywriting | Translation","publisher":{"@id":"https:\/\/yannfortier.ca\/en\/#\/schema\/person\/ef3d5fcd9716f974af4441b3e6f585b8"},"potentialAction":[{"@type":"SearchAction","target":{"@type":"EntryPoint","urlTemplate":"https:\/\/yannfortier.ca\/en\/?s={search_term_string}"},"query-input":{"@type":"PropertyValueSpecification","valueRequired":true,"valueName":"search_term_string"}}],"inLanguage":"en-US"},{"@type":["Person","Organization"],"@id":"https:\/\/yannfortier.ca\/en\/#\/schema\/person\/ef3d5fcd9716f974af4441b3e6f585b8","name":"Yann Fortier","image":{"@type":"ImageObject","inLanguage":"en-US","@id":"https:\/\/yannfortier.ca\/wp-content\/uploads\/2025\/09\/Yann-Fortier-2025-nb-photo-Vivien-Gaumand-4x5-1.webp","url":"https:\/\/yannfortier.ca\/wp-content\/uploads\/2025\/09\/Yann-Fortier-2025-nb-photo-Vivien-Gaumand-4x5-1.webp","contentUrl":"https:\/\/yannfortier.ca\/wp-content\/uploads\/2025\/09\/Yann-Fortier-2025-nb-photo-Vivien-Gaumand-4x5-1.webp","width":1000,"height":1250,"caption":"Yann Fortier"},"logo":{"@id":"https:\/\/yannfortier.ca\/wp-content\/uploads\/2025\/09\/Yann-Fortier-2025-nb-photo-Vivien-Gaumand-4x5-1.webp"}}]}},"_links":{"self":[{"href":"https:\/\/yannfortier.ca\/en\/wp-json\/wp\/v2\/pages\/1634","targetHints":{"allow":["GET"]}}],"collection":[{"href":"https:\/\/yannfortier.ca\/en\/wp-json\/wp\/v2\/pages"}],"about":[{"href":"https:\/\/yannfortier.ca\/en\/wp-json\/wp\/v2\/types\/page"}],"author":[{"embeddable":true,"href":"https:\/\/yannfortier.ca\/en\/wp-json\/wp\/v2\/users\/2"}],"replies":[{"embeddable":true,"href":"https:\/\/yannfortier.ca\/en\/wp-json\/wp\/v2\/comments?post=1634"}],"version-history":[{"count":0,"href":"https:\/\/yannfortier.ca\/en\/wp-json\/wp\/v2\/pages\/1634\/revisions"}],"wp:attachment":[{"href":"https:\/\/yannfortier.ca\/en\/wp-json\/wp\/v2\/media?parent=1634"}],"curies":[{"name":"wp","href":"https:\/\/api.w.org\/{rel}","templated":true}]}}