{"id":1615,"date":"2020-05-07T14:03:34","date_gmt":"2020-05-07T18:03:34","guid":{"rendered":"https:\/\/yannfortier.ca\/?page_id=1615"},"modified":"2026-02-04T19:08:47","modified_gmt":"2026-02-05T00:08:47","slug":"brief-de-redaction","status":"publish","type":"page","link":"https:\/\/yannfortier.ca\/services\/brief-de-redaction\/","title":{"rendered":"Rehaussez votre brief de r\u00e9daction!"},"content":{"rendered":"<p>[et_pb_section fb_built=&#8221;1&#8243; fullwidth=&#8221;on&#8221; admin_label=&#8221;Section&#8221; _builder_version=&#8221;4.16&#8243; global_colors_info=&#8221;{}&#8221;][et_pb_fullwidth_image alt=&#8221;R\u00e9dacteur pigiste et coach en r\u00e9daction \u00e0 Montr\u00e9al&#8221; title_text=&#8221;Yann Fortier est un r\u00e9dacteur pigiste \u00e0 Montr\u00e9al&#8221; admin_label=&#8221;Image en-t\u00eate pleine largeur&#8221; _builder_version=&#8221;4.25.0&#8243; background_image=&#8221;https:\/\/yannfortier.ca\/wp-content\/uploads\/2016\/02\/dome-1.jpg&#8221; parallax=&#8221;on&#8221; min_height=&#8221;336px&#8221; min_height_tablet=&#8221;336px&#8221; min_height_phone=&#8221;300px&#8221; min_height_last_edited=&#8221;on|tablet&#8221; animation_style=&#8221;fade&#8221; animation_duration=&#8221;500ms&#8221; use_border_color=&#8221;off&#8221; global_module=&#8221;3610&#8243; saved_tabs=&#8221;all&#8221; global_colors_info=&#8221;{}&#8221;][\/et_pb_fullwidth_image][et_pb_fullwidth_header title=&#8221;Rehaussez votre brief de r\u00e9daction!&#8221; subhead=&#8221;Atelier collectif&#8221; admin_label=&#8221;Rehaussez votre brief de r\u00e9daction!&#8221; _builder_version=&#8221;4.27.4&#8243; title_font=&#8221;|on|||&#8221; content_font_size=&#8221;24px&#8221; subhead_font_size=&#8221;24px&#8221; background_color=&#8221;#333333&#8243; global_colors_info=&#8221;{}&#8221; button_one_text_size__hover_enabled=&#8221;off&#8221; button_two_text_size__hover_enabled=&#8221;off&#8221; button_one_text_color__hover_enabled=&#8221;off&#8221; button_two_text_color__hover_enabled=&#8221;off&#8221; button_one_border_width__hover_enabled=&#8221;off&#8221; button_two_border_width__hover_enabled=&#8221;off&#8221; button_one_border_color__hover_enabled=&#8221;off&#8221; button_two_border_color__hover_enabled=&#8221;off&#8221; button_one_border_radius__hover_enabled=&#8221;off&#8221; button_two_border_radius__hover_enabled=&#8221;off&#8221; button_one_letter_spacing__hover_enabled=&#8221;off&#8221; button_two_letter_spacing__hover_enabled=&#8221;off&#8221; button_one_bg_color__hover_enabled=&#8221;off&#8221; button_two_bg_color__hover_enabled=&#8221;off&#8221;][\/et_pb_fullwidth_header][\/et_pb_section][et_pb_section fb_built=&#8221;1&#8243; _builder_version=&#8221;4.27.4&#8243; _module_preset=&#8221;default&#8221; background_color=&#8221;#f5f5f5&#8243; global_colors_info=&#8221;{}&#8221;][et_pb_row _builder_version=&#8221;4.27.4&#8243; _module_preset=&#8221;default&#8221; custom_margin=&#8221;0px||0px||true|false&#8221; custom_padding=&#8221;0px||0px||true|false&#8221; global_colors_info=&#8221;{}&#8221;][et_pb_column type=&#8221;4_4&#8243; _builder_version=&#8221;4.27.4&#8243; _module_preset=&#8221;default&#8221; global_colors_info=&#8221;{}&#8221;][et_pb_text _builder_version=&#8221;4.27.4&#8243; _module_preset=&#8221;default&#8221; text_font_size=&#8221;24px&#8221; global_colors_info=&#8221;{}&#8221;]<\/p>\n<p>Le contenu et le storytelling sont de puissants leviers de marketing et de communication. Curieusement, si les organisations investissent des centaines d\u2019heures et des milliers de dollars pour commander des textes, des images, du son, elles n\u00e9gligent un \u00e9l\u00e9ment crucial : la qualit\u00e9 du <em>brief<\/em> de r\u00e9daction.<\/p>\n<p>[\/et_pb_text][\/et_pb_column][\/et_pb_row][\/et_pb_section][et_pb_section fb_built=&#8221;1&#8243; admin_label=&#8221;section&#8221; _builder_version=&#8221;4.16&#8243; global_colors_info=&#8221;{}&#8221;][et_pb_row column_structure=&#8221;2_3,1_3&#8243; admin_label=&#8221;row&#8221; _builder_version=&#8221;4.16&#8243; background_size=&#8221;initial&#8221; background_position=&#8221;top_left&#8221; background_repeat=&#8221;repeat&#8221; global_colors_info=&#8221;{}&#8221;][et_pb_column type=&#8221;2_3&#8243; _builder_version=&#8221;4.16&#8243; custom_padding=&#8221;|||&#8221; global_colors_info=&#8221;{}&#8221; custom_padding__hover=&#8221;|||&#8221;][et_pb_text admin_label=&#8221;Un laboratoire sympathique et convivial&#8221; _builder_version=&#8221;4.27.4&#8243; header_2_font=&#8221;|700|||||||&#8221; header_3_font=&#8221;|700|||||||&#8221; hover_enabled=&#8221;0&#8243; global_colors_info=&#8221;{}&#8221; sticky_enabled=&#8221;0&#8243;]<\/p>\n<h2>Un laboratoire sympathique et convivial<\/h2>\n<p>Un <em>brief<\/em> de qualit\u00e9 permet d\u2019\u00e9viter les \u00e9carts de perception entre la commande et la livraison, entre les gestionnaires et les producteurs de contenu. Il vous \u00e9pargnera une surcharge d\u2019allers-retours et d\u2019approbations probl\u00e9matiques menant \u00e0 des insatisfactions et un d\u00e9sengagement mutuel.<\/p>\n<p>L\u2019atelier s\u2019anime autour d\u2019\u00e9changes ponctu\u00e9s d\u2019exercices collectifs et participatifs en pr\u00e9sence des gestionnaires et des \u00e9quipes de contenu, par exemple les responsables et conseillers en communication et marketing, les gestionnaires de communaut\u00e9, r\u00e9dacteurs, traducteurs, designers, vid\u00e9astes, photographes.<\/p>\n<p>Dans ce laboratoire sympathique et convivial, chaque participant a l\u2019occasion d\u2019exposer sa r\u00e9alit\u00e9, sa vision et ses attentes. Une trentaine de questions sont pos\u00e9es et d\u00e9velopp\u00e9es. Chaque r\u00e9ponse est enrichissante.<\/p>\n<p>Cette exploration dans la galaxie du <em>brief <\/em>de r\u00e9daction est la bougie d\u2019allumage pour mettre en place des solutions pratiques, positives et durables.<\/p>\n<p>[\/et_pb_text][\/et_pb_column][et_pb_column type=&#8221;1_3&#8243; _builder_version=&#8221;4.16&#8243; custom_padding=&#8221;|||&#8221; global_colors_info=&#8221;{}&#8221; custom_padding__hover=&#8221;|||&#8221;][et_pb_text admin_label=&#8221;D\u00e9tails&#8221; _builder_version=&#8221;4.16&#8243; custom_padding=&#8221;||0px|||&#8221; global_colors_info=&#8221;{}&#8221;]<\/p>\n<h2><strong>D\u00e9tails<\/strong><\/h2>\n<p>Dur\u00e9e : 3 heures<br \/>Tarif : sur demande selon le lieu et le nombre de participants<\/p>\n<h2><strong>Lieux<\/strong><\/h2>\n<p>En pr\u00e9sentiel (Qu\u00e9bec et Ontario)<br \/>En ligne\u00a0<br \/>Espace locatif<\/p>\n<p>[\/et_pb_text][et_pb_text admin_label=&#8221;Des questions?&#8221; _builder_version=&#8221;4.27.4&#8243; _module_preset=&#8221;default&#8221; header_2_font=&#8221;|700|||||||&#8221; global_module=&#8221;4219&#8243; saved_tabs=&#8221;all&#8221; global_colors_info=&#8221;{}&#8221;]<\/p>\n<h2>Des questions?<\/h2>\n<p><a href=\"mailto:info@yannfortier.ca\">info@yannfortier.ca<\/a> | <a href=\"tel:+15144021353\">+1 514 402-1353<\/a><\/p>\n<p>[\/et_pb_text][et_pb_button button_url=&#8221;https:\/\/calendly.com\/yannfortier\/30min&#8221; url_new_window=&#8221;on&#8221; button_text=&#8221;R\u00e9servez une r\u00e9union gratuite&#8221; admin_label=&#8221;R\u00e9servez une r\u00e9union gratuite&#8221; _builder_version=&#8221;4.27.4&#8243; _module_preset=&#8221;default&#8221; custom_button=&#8221;on&#8221; button_text_size=&#8221;18px&#8221; button_text_color=&#8221;#ef4937&#8243; button_border_color=&#8221;#ef4937&#8243; button_icon=&#8221;&#xf073;||fa||400&#8243; button_icon_color=&#8221;#ef4937&#8243; button_icon_placement=&#8221;left&#8221; button_on_hover=&#8221;off&#8221; global_module=&#8221;4846&#8243; global_colors_info=&#8221;{}&#8221;][\/et_pb_button][\/et_pb_column][\/et_pb_row][\/et_pb_section][et_pb_section fb_built=&#8221;1&#8243; fullwidth=&#8221;on&#8221; _builder_version=&#8221;4.16&#8243; custom_margin=&#8221;||0px||false|false&#8221; custom_padding=&#8221;||0px||false|false&#8221; global_colors_info=&#8221;{}&#8221;][et_pb_fullwidth_header title=&#8221;Vos b\u00e9n\u00e9fices&#8221; admin_label=&#8221;Vos b\u00e9n\u00e9fices&#8221; _builder_version=&#8221;4.27.4&#8243; title_level=&#8221;h2&#8243; title_font=&#8221;|700|||||||&#8221; background_color=&#8221;#777777&#8243; max_width_tablet=&#8221;50px&#8221; global_colors_info=&#8221;{}&#8221; button_one_text_size__hover_enabled=&#8221;off&#8221; button_two_text_size__hover_enabled=&#8221;off&#8221; button_one_text_color__hover_enabled=&#8221;off&#8221; button_two_text_color__hover_enabled=&#8221;off&#8221; button_one_border_width__hover_enabled=&#8221;off&#8221; button_two_border_width__hover_enabled=&#8221;off&#8221; button_one_border_color__hover_enabled=&#8221;off&#8221; button_two_border_color__hover_enabled=&#8221;off&#8221; button_one_border_radius__hover_enabled=&#8221;off&#8221; button_two_border_radius__hover_enabled=&#8221;off&#8221; button_one_letter_spacing__hover_enabled=&#8221;off&#8221; button_two_letter_spacing__hover_enabled=&#8221;off&#8221; button_one_bg_color__hover_enabled=&#8221;off&#8221; button_two_bg_color__hover_enabled=&#8221;off&#8221;]<\/p>\n<p>De la demande initiale \u00e0 l\u2019approbation finale, vous saurez optimiser et acc\u00e9l\u00e9rer le travail, maintenir le degr\u00e9 de motivation et d\u2019engagement, int\u00e9grer des m\u00e9thodes et des strat\u00e9gies profitables (en temps et argent), aplanir les tensions, favoriser la cocr\u00e9ation, amplifier l\u2019efficacit\u00e9 des processus. En somme, simplifier et faciliter le travail de chacun!<\/p>\n<p>[\/et_pb_fullwidth_header][\/et_pb_section][et_pb_section fb_built=&#8221;1&#8243; disabled_on=&#8221;off|off|off&#8221; admin_label=&#8221;Services offerts 2026&#8243; module_id=&#8221;menu-formations&#8221; _builder_version=&#8221;4.27.4&#8243; background_color=&#8221;#f5f5f5&#8243; min_height=&#8221;246px&#8221; custom_margin=&#8221;||||false|false&#8221; custom_padding=&#8221;20px||30px||false|false&#8221; global_module=&#8221;1817&#8243; saved_tabs=&#8221;all&#8221; global_colors_info=&#8221;{}&#8221;][et_pb_row _builder_version=&#8221;4.27.4&#8243; _module_preset=&#8221;default&#8221; custom_padding=&#8221;||0px||false|false&#8221; global_colors_info=&#8221;{}&#8221;][et_pb_column type=&#8221;4_4&#8243; _builder_version=&#8221;4.27.4&#8243; _module_preset=&#8221;default&#8221; global_colors_info=&#8221;{}&#8221;][et_pb_text admin_label=&#8221;Services offerts : formations, conf\u00e9rences, ateliers et coaching&#8221; _builder_version=&#8221;4.27.4&#8243; _module_preset=&#8221;default&#8221; header_2_font=&#8221;|700|||||||&#8221; header_3_font=&#8221;|700|||||||&#8221; global_colors_info=&#8221;{}&#8221;]<\/p>\n<h2>Services offerts : formations, conf\u00e9rences, ateliers et coaching<\/h2>\n<p>[\/et_pb_text][\/et_pb_column][\/et_pb_row][et_pb_row column_structure=&#8221;1_2,1_2&#8243; _builder_version=&#8221;4.27.4&#8243; custom_padding=&#8221;||0px|3px|false|false&#8221; collapsed=&#8221;off&#8221; global_colors_info=&#8221;{}&#8221;][et_pb_column type=&#8221;1_2&#8243; _builder_version=&#8221;4.16&#8243; global_colors_info=&#8221;{}&#8221;][et_pb_text admin_label=&#8221;R\u00e9daction et pr\u00e9sentations strat\u00e9giques &#8221; _builder_version=&#8221;4.27.4&#8243; header_3_font=&#8221;|600|||||||&#8221; width=&#8221;99.9%&#8221; custom_padding=&#8221;||||false|false&#8221; global_colors_info=&#8221;{}&#8221;]<\/p>\n<h3>R\u00e9daction et pr\u00e9sentations strat\u00e9giques<\/h3>\n<p><a href=\"https:\/\/yannfortier.ca\/services\/formation\/redaction-claire\/\">R\u00e9daction claire<\/a>\u00a0| 3\u00a0h \u00e0 6\u00a0h<br \/><a href=\"https:\/\/yannfortier.ca\/services\/formation\/storytelling\/\">Storytelling<\/a>\u00a0| 3\u00a0h \u00e0 6\u00a0h<br \/><a href=\"https:\/\/www.infopresse.com\/formation\/communiques-de-presse-combinez-performance-et-pertinence\" target=\"_blank\" rel=\"noopener\">Communiqu\u00e9s de presse<\/a> | 6\u00a0h | Infopresse<br \/><a href=\"https:\/\/www.infopresse.com\/formation\/allocutions-et-discours-redigez-des-textes-porteurs-decoute-et-de-sens\" target=\"_blank\" rel=\"noopener\">Discours et allocutions<\/a>\u00a0| 6\u00a0h | Infopresse<br \/><a href=\"https:\/\/yannfortier.ca\/services\/formation-IA-demandes-de-subvention\/\">Demandes de subvention et IA<\/a>\u00a0| 3\u00a0h<br \/><a href=\"https:\/\/www.infopresse.com\/formation\/certification-en-redaction-storytelling-et-ia\" target=\"_blank\" rel=\"noopener\">Certification : r\u00e9daction, storytelling, IA<\/a> | Infopresse<\/p>\n<p>[\/et_pb_text][\/et_pb_column][et_pb_column type=&#8221;1_2&#8243; _builder_version=&#8221;4.16&#8243; global_colors_info=&#8221;{}&#8221;][et_pb_text admin_label=&#8221;Intelligence artificielle (IA) et outils num\u00e9riques&#8221; _builder_version=&#8221;4.27.4&#8243; header_3_font=&#8221;|600|||||||&#8221; width=&#8221;100%&#8221; custom_padding=&#8221;||||false|false&#8221; global_colors_info=&#8221;{}&#8221;]<\/p>\n<h3>R\u00e9daction, style et pr\u00e9sentations visuelles<\/h3>\n<p><a href=\"https:\/\/yannfortier.ca\/services\/formation-Copilot\">Formation <\/a><a href=\"https:\/\/yannfortier.ca\/services\/formation-Copilot\/\">Copilot<\/a><a href=\"https:\/\/yannfortier.ca\/services\/formation-Copilot\"> et IA<\/a> pour communications\u00a0 | 1 h \u00e0 6 h<br \/><a href=\"https:\/\/yannfortier.ca\/services\/formation-ChatGPT\">Formation <\/a><a href=\"https:\/\/yannfortier.ca\/services\/formation-ChatGPT\">ChatGPT<\/a><a href=\"https:\/\/yannfortier.ca\/services\/formation-ChatGPT\"> et IA<\/a>\u00a0pour communications\u00a0 | 1 h \u00e0 6 h<br \/><a href=\"https:\/\/yannfortier.ca\/services\/formation-antidote\">Logiciel Antidote<\/a> | 3 h | En entreprise ou individuelle<br \/><a href=\"https:\/\/yannfortier.ca\/services\/formation-PowerPoint\">Pr\u00e9sentations PowerPoint<\/a>\u00a0| 3 h \u00e0 6 h<\/p>\n<p>[\/et_pb_text][\/et_pb_column][\/et_pb_row][et_pb_row column_structure=&#8221;1_2,1_2&#8243; _builder_version=&#8221;4.27.4&#8243; custom_padding=&#8221;||0px||false|false&#8221; collapsed=&#8221;off&#8221; global_colors_info=&#8221;{}&#8221;][et_pb_column type=&#8221;1_2&#8243; _builder_version=&#8221;4.16&#8243; global_colors_info=&#8221;{}&#8221;][et_pb_text admin_label=&#8221;Coaching personnalis\u00e9 et ateliers de groupe&#8221; _builder_version=&#8221;4.27.4&#8243; header_3_font=&#8221;|600|||||||&#8221; width=&#8221;100%&#8221; custom_padding=&#8221;||||false|false&#8221; global_colors_info=&#8221;{}&#8221;]<\/p>\n<h3>Coaching personnalis\u00e9 et ateliers de groupe<\/h3>\n<p><a href=\"\/services\/coaching-en-redaction\">Coaching en r\u00e9daction<\/a> | Accompagnement individuel<br \/><a href=\"https:\/\/yannfortier.ca\/services\/brief-de-redaction\">Rehaussez votre <em>brief<\/em> de r\u00e9daction!<\/a> | Atelier collectif<br \/><a href=\"https:\/\/yannfortier.ca\/services\/tonalite-de-marque\">Levez le ton!<\/a> | Atelier collectif de tonalit\u00e9 de marque<br \/><span lang=\"FR-CA\">Strat\u00e9gie r\u00e9dactionnelle\u00a0| Atelier collectif<\/span><\/p>\n<p>[\/et_pb_text][\/et_pb_column][et_pb_column type=&#8221;1_2&#8243; _builder_version=&#8221;4.16&#8243; global_colors_info=&#8221;{}&#8221;][et_pb_text admin_label=&#8221;Conf\u00e9rences&#8221; _builder_version=&#8221;4.27.4&#8243; header_3_font=&#8221;|600|||||||&#8221; width=&#8221;100%&#8221; custom_padding=&#8221;||||false|false&#8221; global_colors_info=&#8221;{}&#8221;]<\/p>\n<h3>Conf\u00e9rences<\/h3>\n<p><a href=\"https:\/\/yannfortier.ca\/services\/conferencier\">Conf\u00e9rencier en r\u00e9daction, communication et IA<\/a><br \/>Conf\u00e9rencier invit\u00e9 lors de congr\u00e8s et d\u2019\u00e9v\u00e9nements de formation continue, je propose des contenus actuels visant \u00e0 outiller, mobiliser et renforcer la coh\u00e9sion des \u00e9quipes.<\/p>\n<p>[\/et_pb_text][\/et_pb_column][\/et_pb_row][\/et_pb_section]<\/p>\n","protected":false},"excerpt":{"rendered":"<p>Cette formation individuelle en r\u00e9daction est destin\u00e9e aux professionnels souhaitant rehausser la performance de leurs textes.<\/p>\n","protected":false},"author":2,"featured_media":0,"parent":0,"menu_order":3,"comment_status":"closed","ping_status":"closed","template":"","meta":{"_acf_changed":false,"_et_pb_use_builder":"on","_et_pb_old_content":"","_et_gb_content_width":"","inline_featured_image":false,"footnotes":""},"class_list":["post-1615","page","type-page","status-publish","hentry"],"acf":[],"yoast_head":"<!-- This site is optimized with the Yoast SEO plugin v27.5 - https:\/\/yoast.com\/product\/yoast-seo-wordpress\/ -->\n<title>Rehaussez votre brief de r\u00e9daction! | Atelier collectif<\/title>\n<meta name=\"description\" content=\"Atelier de groupe pour am\u00e9liorer le contenu et le storytelling de votre organisation, et mettre en place des solutions pratiques et durables.\" \/>\n<meta name=\"robots\" content=\"index, follow, max-snippet:-1, max-image-preview:large, max-video-preview:-1\" \/>\n<link rel=\"canonical\" href=\"https:\/\/yannfortier.ca\/en\/services\/brief-de-redaction\/\" \/>\n<meta property=\"og:locale\" content=\"en_US\" \/>\n<meta property=\"og:type\" content=\"article\" \/>\n<meta property=\"og:title\" content=\"Rehaussez votre brief de r\u00e9daction! | Atelier collectif\" \/>\n<meta property=\"og:description\" content=\"Atelier de groupe pour am\u00e9liorer le contenu et le storytelling de votre organisation, et mettre en place des solutions pratiques et durables.\" \/>\n<meta property=\"og:url\" content=\"https:\/\/yannfortier.ca\/services\/brief-de-redaction\/\" \/>\n<meta property=\"og:site_name\" content=\"Yann Fortier\" \/>\n<meta property=\"article:modified_time\" content=\"2026-02-05T00:08:47+00:00\" \/>\n<meta name=\"twitter:card\" content=\"summary_large_image\" \/>\n<meta name=\"twitter:label1\" content=\"Est. reading time\" \/>\n\t<meta name=\"twitter:data1\" content=\"7 minutes\" \/>\n<!-- \/ Yoast SEO plugin. -->","yoast_head_json":{"title":"Rehaussez votre brief de r\u00e9daction! | Atelier collectif","description":"Atelier de groupe pour am\u00e9liorer le contenu et le storytelling de votre organisation, et mettre en place des solutions pratiques et durables.","robots":{"index":"index","follow":"follow","max-snippet":"max-snippet:-1","max-image-preview":"max-image-preview:large","max-video-preview":"max-video-preview:-1"},"canonical":"https:\/\/yannfortier.ca\/en\/services\/brief-de-redaction\/","og_locale":"en_US","og_type":"article","og_title":"Rehaussez votre brief de r\u00e9daction! | Atelier collectif","og_description":"Atelier de groupe pour am\u00e9liorer le contenu et le storytelling de votre organisation, et mettre en place des solutions pratiques et durables.","og_url":"https:\/\/yannfortier.ca\/services\/brief-de-redaction\/","og_site_name":"Yann Fortier","article_modified_time":"2026-02-05T00:08:47+00:00","twitter_card":"summary_large_image","twitter_misc":{"Est. reading time":"7 minutes"},"schema":{"@context":"https:\/\/schema.org","@graph":[{"@type":"WebPage","@id":"https:\/\/yannfortier.ca\/services\/brief-de-redaction\/","url":"https:\/\/yannfortier.ca\/services\/brief-de-redaction\/","name":"Rehaussez votre brief de r\u00e9daction! | Atelier collectif","isPartOf":{"@id":"https:\/\/yannfortier.ca\/en\/#website"},"datePublished":"2020-05-07T18:03:34+00:00","dateModified":"2026-02-05T00:08:47+00:00","description":"Atelier de groupe pour am\u00e9liorer le contenu et le storytelling de votre organisation, et mettre en place des solutions pratiques et durables.","breadcrumb":{"@id":"https:\/\/yannfortier.ca\/services\/brief-de-redaction\/#breadcrumb"},"inLanguage":"en-US","potentialAction":[{"@type":"ReadAction","target":["https:\/\/yannfortier.ca\/services\/brief-de-redaction\/"]}]},{"@type":"BreadcrumbList","@id":"https:\/\/yannfortier.ca\/services\/brief-de-redaction\/#breadcrumb","itemListElement":[{"@type":"ListItem","position":1,"name":"Home","item":"https:\/\/yannfortier.ca\/en\/"},{"@type":"ListItem","position":2,"name":"Rehaussez votre brief de r\u00e9daction!"}]},{"@type":"WebSite","@id":"https:\/\/yannfortier.ca\/en\/#website","url":"https:\/\/yannfortier.ca\/en\/","name":"Yann Fortier","description":"Strategy | Copywriting | Translation","publisher":{"@id":"https:\/\/yannfortier.ca\/en\/#\/schema\/person\/ef3d5fcd9716f974af4441b3e6f585b8"},"potentialAction":[{"@type":"SearchAction","target":{"@type":"EntryPoint","urlTemplate":"https:\/\/yannfortier.ca\/en\/?s={search_term_string}"},"query-input":{"@type":"PropertyValueSpecification","valueRequired":true,"valueName":"search_term_string"}}],"inLanguage":"en-US"},{"@type":["Person","Organization"],"@id":"https:\/\/yannfortier.ca\/en\/#\/schema\/person\/ef3d5fcd9716f974af4441b3e6f585b8","name":"Yann Fortier","image":{"@type":"ImageObject","inLanguage":"en-US","@id":"https:\/\/yannfortier.ca\/wp-content\/uploads\/2025\/09\/Yann-Fortier-2025-nb-photo-Vivien-Gaumand-4x5-1.webp","url":"https:\/\/yannfortier.ca\/wp-content\/uploads\/2025\/09\/Yann-Fortier-2025-nb-photo-Vivien-Gaumand-4x5-1.webp","contentUrl":"https:\/\/yannfortier.ca\/wp-content\/uploads\/2025\/09\/Yann-Fortier-2025-nb-photo-Vivien-Gaumand-4x5-1.webp","width":1000,"height":1250,"caption":"Yann Fortier"},"logo":{"@id":"https:\/\/yannfortier.ca\/wp-content\/uploads\/2025\/09\/Yann-Fortier-2025-nb-photo-Vivien-Gaumand-4x5-1.webp"}}]}},"_links":{"self":[{"href":"https:\/\/yannfortier.ca\/en\/wp-json\/wp\/v2\/pages\/1615","targetHints":{"allow":["GET"]}}],"collection":[{"href":"https:\/\/yannfortier.ca\/en\/wp-json\/wp\/v2\/pages"}],"about":[{"href":"https:\/\/yannfortier.ca\/en\/wp-json\/wp\/v2\/types\/page"}],"author":[{"embeddable":true,"href":"https:\/\/yannfortier.ca\/en\/wp-json\/wp\/v2\/users\/2"}],"replies":[{"embeddable":true,"href":"https:\/\/yannfortier.ca\/en\/wp-json\/wp\/v2\/comments?post=1615"}],"version-history":[{"count":0,"href":"https:\/\/yannfortier.ca\/en\/wp-json\/wp\/v2\/pages\/1615\/revisions"}],"wp:attachment":[{"href":"https:\/\/yannfortier.ca\/en\/wp-json\/wp\/v2\/media?parent=1615"}],"curies":[{"name":"wp","href":"https:\/\/api.w.org\/{rel}","templated":true}]}}