{"id":1417,"date":"2020-04-23T15:04:39","date_gmt":"2020-04-23T19:04:39","guid":{"rendered":"https:\/\/yannfortier.ca\/?page_id=1417"},"modified":"2026-03-20T22:05:59","modified_gmt":"2026-03-21T02:05:59","slug":"mentions-legales","status":"publish","type":"page","link":"https:\/\/yannfortier.ca\/mentions-legales\/","title":{"rendered":"Mentions l\u00e9gales"},"content":{"rendered":"<p>[et_pb_section fb_built=&#8221;1&#8243; fullwidth=&#8221;on&#8221; _builder_version=&#8221;4.16&#8243; global_colors_info=&#8221;{}&#8221;][et_pb_fullwidth_image alt=&#8221;R\u00e9dacteur pigiste et coach en r\u00e9daction \u00e0 Montr\u00e9al&#8221; title_text=&#8221;Yann Fortier est un r\u00e9dacteur pigiste \u00e0 Montr\u00e9al&#8221; admin_label=&#8221;Image en-t\u00eate pleine largeur&#8221; _builder_version=&#8221;4.25.0&#8243; background_image=&#8221;https:\/\/yannfortier.ca\/wp-content\/uploads\/2016\/02\/dome-1.jpg&#8221; parallax=&#8221;on&#8221; min_height=&#8221;336px&#8221; min_height_tablet=&#8221;336px&#8221; min_height_phone=&#8221;300px&#8221; min_height_last_edited=&#8221;on|tablet&#8221; animation_style=&#8221;fade&#8221; animation_duration=&#8221;500ms&#8221; use_border_color=&#8221;off&#8221; global_module=&#8221;3610&#8243; saved_tabs=&#8221;all&#8221; global_colors_info=&#8221;{}&#8221;][\/et_pb_fullwidth_image][et_pb_fullwidth_header title=&#8221;Mentions l\u00e9gales&#8221; subhead=&#8221;Conditions d\u2019utilisation de ce site&#8221; admin_label=&#8221;En-t\u00eate Mentions l\u00e9gales&#8221; _builder_version=&#8221;4.27.0&#8243; title_font=&#8221;|on|||&#8221; subhead_font_size=&#8221;24px&#8221; background_color=&#8221;#333333&#8243; max_width_tablet=&#8221;50px&#8221; global_colors_info=&#8221;{}&#8221; button_one_text_size__hover_enabled=&#8221;off&#8221; button_two_text_size__hover_enabled=&#8221;off&#8221; button_one_text_color__hover_enabled=&#8221;off&#8221; button_two_text_color__hover_enabled=&#8221;off&#8221; button_one_border_width__hover_enabled=&#8221;off&#8221; button_two_border_width__hover_enabled=&#8221;off&#8221; button_one_border_color__hover_enabled=&#8221;off&#8221; button_two_border_color__hover_enabled=&#8221;off&#8221; button_one_border_radius__hover_enabled=&#8221;off&#8221; button_two_border_radius__hover_enabled=&#8221;off&#8221; button_one_letter_spacing__hover_enabled=&#8221;off&#8221; button_two_letter_spacing__hover_enabled=&#8221;off&#8221; button_one_bg_color__hover_enabled=&#8221;off&#8221; button_two_bg_color__hover_enabled=&#8221;off&#8221;][\/et_pb_fullwidth_header][\/et_pb_section][et_pb_section fb_built=&#8221;1&#8243; admin_label=&#8221;section&#8221; _builder_version=&#8221;4.16&#8243; global_colors_info=&#8221;{}&#8221;][et_pb_row column_structure=&#8221;2_3,1_3&#8243; admin_label=&#8221;row&#8221; _builder_version=&#8221;4.16&#8243; background_size=&#8221;initial&#8221; background_position=&#8221;top_left&#8221; background_repeat=&#8221;repeat&#8221; global_colors_info=&#8221;{}&#8221;][et_pb_column type=&#8221;2_3&#8243; _builder_version=&#8221;4.16&#8243; custom_padding=&#8221;|||&#8221; global_colors_info=&#8221;{}&#8221; custom_padding__hover=&#8221;|||&#8221;][et_pb_text _builder_version=&#8221;4.27.6&#8243; text_text_color=&#8221;#333333&#8243; text_font_size=&#8221;18&#8243; text_line_height=&#8221;1.8em&#8221; background_size=&#8221;initial&#8221; background_position=&#8221;top_left&#8221; background_repeat=&#8221;repeat&#8221; z_index_tablet=&#8221;500&#8243; use_border_color=&#8221;off&#8221; global_colors_info=&#8221;{}&#8221;]<\/p>\n<h2><strong>Consentement<\/strong><\/h2>\n<p>La soci\u00e9t\u00e9 enregistr\u00e9e sous le nom <strong>Yann Fortier<\/strong> (ci-contre, \u00ab\u00a0\u00c9diteur\u00a0\u00bb et ci-apr\u00e8s, \u00ab\u00a0Yann Fortier\u00a0\u00bb) vous (\u00ab\u00a0vous\u00a0\u00bb) fournit le site Yannfortier.ca (le \u00ab\u00a0Site\u00a0\u00bb) sous r\u00e9serve de votre acceptation des dispositions suivantes (les \u00ab\u00a0Conditions d\u2019utilisation\u00a0\u00bb). En acc\u00e9dant au Site ou en l\u2019utilisant, vous consentez aux pr\u00e9sentes Conditions d\u2019utilisation, ainsi qu\u2019aux politiques aff\u00e9rentes, y compris la <a href=\"\/mentions-legales\/confidentialite\">Politique relative \u00e0 la confidentialit\u00e9 et \u00e0 la protection des renseignements personnels<\/a>, sans restriction ni r\u00e9serve. Si vous refusez d\u2019\u00eatre r\u00e9gi par les Conditions d\u2019utilisation et politiques aff\u00e9rentes, vous devez vous abstenir d&#8217;acc\u00e9der au Site ou de l\u2019utiliser.<\/p>\n<p>Yann Fortier peut modifier les pr\u00e9sentes Conditions d\u2019utilisation et politiques aff\u00e9rentes en tout temps et sans pr\u00e9avis. Vous devriez revisiter les Conditions d\u2019utilisation et politiques aff\u00e9rentes p\u00e9riodiquement pour prendre connaissance des modifications qui y ont \u00e9t\u00e9 apport\u00e9es. Si vous n\u2019\u00eates pas d\u2019accord avec l\u2019une ou l\u2019autre de ces modifications, vous devez cesser d\u2019acc\u00e9der au Site ou de l\u2019utiliser. Si vous continuez d\u2019acc\u00e9der au Site ou de l\u2019utiliser apr\u00e8s l\u2019affichage d\u2019une modification, vous \u00eates r\u00e9put\u00e9 avoir accept\u00e9 cette modification.<\/p>\n<h2><strong>Droit d\u2019auteur<\/strong><\/h2>\n<p>Le Site et chacun des \u00e9l\u00e9ments qui le composent, y compris, sans toutefois s\u2019y limiter, les textes, marques, logos, images, photographies, illustrations, sons, musiques et bases de donn\u00e9es, sont la propri\u00e9t\u00e9 exclusive de leurs auteurs respectifs.<\/p>\n<p>Au Canada, toute reproduction, repr\u00e9sentation, diffusion ou exploitation, int\u00e9grale ou partielle, du Site Web ou de l\u2019un de ses \u00e9l\u00e9ments, doit \u00eatre faite conform\u00e9ment \u00e0 la <em>Loi sur le droit d\u2019auteur<\/em> et \u00e0 ses dispositions d\u2019utilisation \u00e9quitable (articles 29 \u00e0 32.2), en mentionnant notamment la source, \u00e0 l\u2019aide d\u2019un hyperlien vers le Site.<\/p>\n<h2><strong>Exactitude des informations<\/strong><\/h2>\n<p>Le contenu publi\u00e9 sur le Site est fourni \u00e0 titre informatif. Yann Fortier met en \u0153uvre tous les moyens dont il dispose pour en assurer la validit\u00e9 et la mise \u00e0 jour. Toutefois, Yann Fortier ne peut garantir que l\u2019ensemble des informations disponibles soient exactes, compl\u00e8tes ou \u00e0 jour en tout temps. Il revient \u00e0 l\u2019utilisateur de s\u2019assurer de l\u2019exactitude des informations qu\u2019il souhaite exploiter, en contactant Yann Fortier si n\u00e9cessaire. De mani\u00e8re g\u00e9n\u00e9rale, Yann Fortier ne fournit aucune garantie expresse ou tacite, concernant tout ou partie du pr\u00e9sent Site.<\/p>\n<h2><strong>Hyperliens<\/strong><\/h2>\n<p>Yann Fortier autorise la publication d\u2019un hyperlien renvoyant vers le Site Web, pourvu que les pages du Site Web ne soient pas imbriqu\u00e9es \u00e0 l\u2019int\u00e9rieur des pages d\u2019un autre site, mais accessibles par l\u2019ouverture d\u2019une fen\u00eatre ou onglet; que l\u2019intitul\u00e9 du lien comporte la mention explicite <u>Yannfortier.ca<\/u>; et que le rapport entre le lien hypertexte et le Site Web ou Yann Fortier soit indiqu\u00e9 de telle mani\u00e8re qu\u2019aucune confusion ne soit possible dans l\u2019esprit du public. Cette autorisation ne s\u2019\u00e9tend pas aux sites pouvant porter atteinte \u00e0 l\u2019image ou \u00e0 la r\u00e9putation de Yann Fortier.<\/p>\n<h2><strong>Renonciation<\/strong><\/h2>\n<p>Yann Fortier exclut, dans les limites pr\u00e9vues par la loi, toute responsabilit\u00e9, quelle qu\u2019elle soit, relativement aux dommages directs ou indirects d\u00e9coulant de, ou associ\u00e9s \u00e0 l\u2019utilisation, au fonctionnement ou \u00e0 l\u2019indisponibilit\u00e9 du Site Web et de ses contenus. Yann Fortier se r\u00e9serve le droit d\u2019apporter toute modification, rectification ou changement au Site Web et \u00e0 ses contenus au moment opportun.<\/p>\n<p>L\u2019existence d\u2019un lien du Site vers un autre site ne constitue pas une validation du contenu de ce dernier, et la responsabilit\u00e9 de Yann Fortier ne saurait \u00eatre engag\u00e9e quant aux informations, opinions et conseils qui y sont formul\u00e9s. La mention de filiales, soci\u00e9t\u00e9s, produits, services, marques, noms ou d\u00e9nominations d\u2019autres soci\u00e9t\u00e9s n\u2019implique aucunement, sauf indication contraire, l\u2019existence d\u2019une quelconque association entre Yann Fortier et ces filiales, soci\u00e9t\u00e9s, produits, services, marques, noms ou d\u00e9nominations.<\/p>\n<p>Yann Fortier ne peut en aucun cas \u00eatre tenu pour responsable des sites ayant un hyperlien vers le Site, et d\u00e9cline toute responsabilit\u00e9 quant \u00e0 leur contenu et \u00e0 leur utilisation.<\/p>\n<hr \/>\n<p>Conception web\u00a0: <a href=\"https:\/\/mediameriquat.com\" target=\"_blank\" rel=\"noopener\">Mediameri4<\/a>. Pour signaler un lien bris\u00e9, <a href=\"https:\/\/mediameriquat.com\/fr\/contact\" target=\"_blank\" rel=\"noopener\">cliquez ici<\/a>.<\/p>\n<p>[\/et_pb_text][\/et_pb_column][et_pb_column type=&#8221;1_3&#8243; _builder_version=&#8221;4.16&#8243; custom_padding=&#8221;|||&#8221; global_colors_info=&#8221;{}&#8221; custom_padding__hover=&#8221;|||&#8221;][et_pb_text admin_label=&#8221;Bloc \u00e9diteur FR&#8221; _builder_version=&#8221;4.27.0&#8243; text_text_color=&#8221;#333333&#8243; text_font_size=&#8221;18&#8243; background_size=&#8221;initial&#8221; background_position=&#8221;top_left&#8221; background_repeat=&#8221;repeat&#8221; use_border_color=&#8221;off&#8221; global_module=&#8221;3979&#8243; saved_tabs=&#8221;all&#8221; global_colors_info=&#8221;{}&#8221;]<\/p>\n<h2><strong>\u00c9diteur<\/strong><\/h2>\n<p><a href=\"https:\/\/fr.wikipedia.org\/wiki\/Yann_Fortier\"><strong>YANN FORTIER<\/strong><\/a><\/p>\n<p><strong>Num\u00e9ro d\u2019entreprise du Qu\u00e9bec<\/strong><br \/>2245530318<\/p>\n<p><strong>Adresse postale<\/strong><\/p>\n<address>1110 boul. Ren\u00e9-L\u00e9vesque, bur. 701<br \/>Montr\u00e9al (Qu\u00e9bec) H2L 0E1<\/address>\n<p><strong>Contact<br \/><\/strong><a href=\"tel:+15144021353\">514 402-1353<\/a><br \/><a href=\"mailto:info@yannfortier.ca\">info@yannfortier.ca<\/a><\/p>\n<p>[\/et_pb_text][et_pb_social_media_follow icon_color=&#8221;#2e2e2e&#8221; use_icon_font_size=&#8221;on&#8221; icon_font_size=&#8221;24px&#8221; admin_label=&#8221;Suivez-nous&#8221; _builder_version=&#8221;4.27.4&#8243; _module_preset=&#8221;default&#8221; text_orientation=&#8221;left&#8221; background_layout=&#8221;dark&#8221; custom_padding=&#8221;|0px||0px|false|true&#8221; text_orientation_tablet=&#8221;left&#8221; text_orientation_phone=&#8221;left&#8221; text_orientation_last_edited=&#8221;on|phone&#8221; border_radii=&#8221;on|0px|0px|0px|0px&#8221; global_module=&#8221;3964&#8243; saved_tabs=&#8221;all&#8221; global_colors_info=&#8221;{}&#8221;][et_pb_social_media_follow_network social_network=&#8221;linkedin&#8221; url=&#8221;https:\/\/www.linkedin.com\/in\/yannfortier&#8221; icon_color=&#8221;#FFFFFF&#8221; _builder_version=&#8221;4.27.4&#8243; _module_preset=&#8221;default&#8221; background_color=&#8221;#555555&#8243; background_enable_color=&#8221;on&#8221; global_colors_info=&#8221;{}&#8221; follow_button=&#8221;off&#8221; url_new_window=&#8221;on&#8221;]linkedin[\/et_pb_social_media_follow_network][et_pb_social_media_follow_network social_network=&#8221;twitter&#8221; url=&#8221;https:\/\/x.com\/yannfortiermtl&#8221; icon_color=&#8221;#FFFFFF&#8221; _builder_version=&#8221;4.27.4&#8243; _module_preset=&#8221;default&#8221; background_color=&#8221;#666666&#8243; background_enable_color=&#8221;on&#8221; global_colors_info=&#8221;{}&#8221; follow_button=&#8221;off&#8221; url_new_window=&#8221;on&#8221;]twitter[\/et_pb_social_media_follow_network][\/et_pb_social_media_follow][\/et_pb_column][\/et_pb_row][\/et_pb_section]<\/p>\n","protected":false},"excerpt":{"rendered":"<p>Consentement La soci\u00e9t\u00e9 enregistr\u00e9e sous le nom Yann Fortier (ci-contre, \u00ab\u00a0\u00c9diteur\u00a0\u00bb et ci-apr\u00e8s, \u00ab\u00a0Yann Fortier\u00a0\u00bb) vous (\u00ab\u00a0vous\u00a0\u00bb) fournit le site Yannfortier.ca (le \u00ab\u00a0Site\u00a0\u00bb) sous r\u00e9serve de votre acceptation des dispositions suivantes (les \u00ab\u00a0Conditions d\u2019utilisation\u00a0\u00bb). En acc\u00e9dant au Site ou en l\u2019utilisant, vous consentez aux pr\u00e9sentes Conditions d\u2019utilisation, ainsi qu\u2019aux politiques aff\u00e9rentes, y compris la Politique [&hellip;]<\/p>\n","protected":false},"author":2,"featured_media":0,"parent":0,"menu_order":7,"comment_status":"closed","ping_status":"closed","template":"","meta":{"_acf_changed":false,"_et_pb_use_builder":"on","_et_pb_old_content":"","_et_gb_content_width":"","inline_featured_image":false,"footnotes":""},"class_list":["post-1417","page","type-page","status-publish","hentry"],"acf":[],"yoast_head":"<!-- This site is optimized with the Yoast SEO plugin v27.4 - https:\/\/yoast.com\/product\/yoast-seo-wordpress\/ -->\n<title>Yann Fortier | R\u00e9dacteur pigiste \u00e0 Montr\u00e9al | Mentions l\u00e9gales<\/title>\n<meta name=\"description\" content=\"Mentions l\u00e9gales et conditions d&#039;utilisation du site de Yann Fortier, r\u00e9dacteur pigiste \u00e0 Montr\u00e9al.\" \/>\n<meta name=\"robots\" content=\"index, follow, max-snippet:-1, max-image-preview:large, max-video-preview:-1\" \/>\n<link rel=\"canonical\" href=\"https:\/\/yannfortier.ca\/en\/mentions-legales\/\" \/>\n<meta property=\"og:locale\" content=\"en_US\" \/>\n<meta property=\"og:type\" content=\"article\" \/>\n<meta property=\"og:title\" content=\"Yann Fortier | R\u00e9dacteur pigiste \u00e0 Montr\u00e9al | Mentions l\u00e9gales\" \/>\n<meta property=\"og:description\" content=\"Mentions l\u00e9gales et conditions d&#039;utilisation du site de Yann Fortier, r\u00e9dacteur pigiste \u00e0 Montr\u00e9al.\" \/>\n<meta property=\"og:url\" content=\"https:\/\/yannfortier.ca\/mentions-legales\/\" \/>\n<meta property=\"og:site_name\" content=\"Yann Fortier\" \/>\n<meta property=\"article:modified_time\" content=\"2026-03-21T02:05:59+00:00\" \/>\n<meta name=\"twitter:card\" content=\"summary_large_image\" \/>\n<meta name=\"twitter:label1\" content=\"Est. reading time\" \/>\n\t<meta name=\"twitter:data1\" content=\"7 minutes\" \/>\n<!-- \/ Yoast SEO plugin. -->","yoast_head_json":{"title":"Yann Fortier | R\u00e9dacteur pigiste \u00e0 Montr\u00e9al | Mentions l\u00e9gales","description":"Mentions l\u00e9gales et conditions d'utilisation du site de Yann Fortier, r\u00e9dacteur pigiste \u00e0 Montr\u00e9al.","robots":{"index":"index","follow":"follow","max-snippet":"max-snippet:-1","max-image-preview":"max-image-preview:large","max-video-preview":"max-video-preview:-1"},"canonical":"https:\/\/yannfortier.ca\/en\/mentions-legales\/","og_locale":"en_US","og_type":"article","og_title":"Yann Fortier | R\u00e9dacteur pigiste \u00e0 Montr\u00e9al | Mentions l\u00e9gales","og_description":"Mentions l\u00e9gales et conditions d'utilisation du site de Yann Fortier, r\u00e9dacteur pigiste \u00e0 Montr\u00e9al.","og_url":"https:\/\/yannfortier.ca\/mentions-legales\/","og_site_name":"Yann Fortier","article_modified_time":"2026-03-21T02:05:59+00:00","twitter_card":"summary_large_image","twitter_misc":{"Est. reading time":"7 minutes"},"schema":{"@context":"https:\/\/schema.org","@graph":[{"@type":"WebPage","@id":"https:\/\/yannfortier.ca\/mentions-legales\/","url":"https:\/\/yannfortier.ca\/mentions-legales\/","name":"Yann Fortier | R\u00e9dacteur pigiste \u00e0 Montr\u00e9al | Mentions l\u00e9gales","isPartOf":{"@id":"https:\/\/yannfortier.ca\/en\/#website"},"datePublished":"2020-04-23T19:04:39+00:00","dateModified":"2026-03-21T02:05:59+00:00","description":"Mentions l\u00e9gales et conditions d'utilisation du site de Yann Fortier, r\u00e9dacteur pigiste \u00e0 Montr\u00e9al.","breadcrumb":{"@id":"https:\/\/yannfortier.ca\/mentions-legales\/#breadcrumb"},"inLanguage":"en-US","potentialAction":[{"@type":"ReadAction","target":["https:\/\/yannfortier.ca\/mentions-legales\/"]}]},{"@type":"BreadcrumbList","@id":"https:\/\/yannfortier.ca\/mentions-legales\/#breadcrumb","itemListElement":[{"@type":"ListItem","position":1,"name":"Home","item":"https:\/\/yannfortier.ca\/en\/"},{"@type":"ListItem","position":2,"name":"Mentions l\u00e9gales"}]},{"@type":"WebSite","@id":"https:\/\/yannfortier.ca\/en\/#website","url":"https:\/\/yannfortier.ca\/en\/","name":"Yann Fortier","description":"Strategy | Copywriting | Translation","publisher":{"@id":"https:\/\/yannfortier.ca\/en\/#\/schema\/person\/ef3d5fcd9716f974af4441b3e6f585b8"},"potentialAction":[{"@type":"SearchAction","target":{"@type":"EntryPoint","urlTemplate":"https:\/\/yannfortier.ca\/en\/?s={search_term_string}"},"query-input":{"@type":"PropertyValueSpecification","valueRequired":true,"valueName":"search_term_string"}}],"inLanguage":"en-US"},{"@type":["Person","Organization"],"@id":"https:\/\/yannfortier.ca\/en\/#\/schema\/person\/ef3d5fcd9716f974af4441b3e6f585b8","name":"Yann Fortier","image":{"@type":"ImageObject","inLanguage":"en-US","@id":"https:\/\/yannfortier.ca\/wp-content\/uploads\/2025\/09\/Yann-Fortier-2025-nb-photo-Vivien-Gaumand-4x5-1.webp","url":"https:\/\/yannfortier.ca\/wp-content\/uploads\/2025\/09\/Yann-Fortier-2025-nb-photo-Vivien-Gaumand-4x5-1.webp","contentUrl":"https:\/\/yannfortier.ca\/wp-content\/uploads\/2025\/09\/Yann-Fortier-2025-nb-photo-Vivien-Gaumand-4x5-1.webp","width":1000,"height":1250,"caption":"Yann Fortier"},"logo":{"@id":"https:\/\/yannfortier.ca\/wp-content\/uploads\/2025\/09\/Yann-Fortier-2025-nb-photo-Vivien-Gaumand-4x5-1.webp"}}]}},"_links":{"self":[{"href":"https:\/\/yannfortier.ca\/en\/wp-json\/wp\/v2\/pages\/1417","targetHints":{"allow":["GET"]}}],"collection":[{"href":"https:\/\/yannfortier.ca\/en\/wp-json\/wp\/v2\/pages"}],"about":[{"href":"https:\/\/yannfortier.ca\/en\/wp-json\/wp\/v2\/types\/page"}],"author":[{"embeddable":true,"href":"https:\/\/yannfortier.ca\/en\/wp-json\/wp\/v2\/users\/2"}],"replies":[{"embeddable":true,"href":"https:\/\/yannfortier.ca\/en\/wp-json\/wp\/v2\/comments?post=1417"}],"version-history":[{"count":2,"href":"https:\/\/yannfortier.ca\/en\/wp-json\/wp\/v2\/pages\/1417\/revisions"}],"predecessor-version":[{"id":5822,"href":"https:\/\/yannfortier.ca\/en\/wp-json\/wp\/v2\/pages\/1417\/revisions\/5822"}],"wp:attachment":[{"href":"https:\/\/yannfortier.ca\/en\/wp-json\/wp\/v2\/media?parent=1417"}],"curies":[{"name":"wp","href":"https:\/\/api.w.org\/{rel}","templated":true}]}}