{"id":1401,"date":"2020-04-10T17:15:29","date_gmt":"2020-04-10T21:15:29","guid":{"rendered":"https:\/\/yannfortier.ca\/?page_id=1401"},"modified":"2026-02-03T19:44:12","modified_gmt":"2026-02-04T00:44:12","slug":"roman-angoisse-du-paradis","status":"publish","type":"page","link":"https:\/\/yannfortier.ca\/roman-quebecois\/angoisse-du-paradis\/","title":{"rendered":"L\u2019Angoisse du paradis"},"content":{"rendered":"<p>[et_pb_section fb_built=&#8221;1&#8243; fullwidth=&#8221;on&#8221; _builder_version=&#8221;4.16&#8243; global_colors_info=&#8221;{}&#8221;][et_pb_fullwidth_image alt=&#8221;R\u00e9dacteur pigiste et coach en r\u00e9daction \u00e0 Montr\u00e9al&#8221; title_text=&#8221;Yann Fortier est un r\u00e9dacteur pigiste \u00e0 Montr\u00e9al&#8221; admin_label=&#8221;Image en-t\u00eate pleine largeur&#8221; _builder_version=&#8221;4.25.0&#8243; background_image=&#8221;https:\/\/yannfortier.ca\/wp-content\/uploads\/2016\/02\/dome-1.jpg&#8221; parallax=&#8221;on&#8221; min_height=&#8221;336px&#8221; min_height_tablet=&#8221;336px&#8221; min_height_phone=&#8221;300px&#8221; min_height_last_edited=&#8221;on|tablet&#8221; animation_style=&#8221;fade&#8221; animation_duration=&#8221;500ms&#8221; use_border_color=&#8221;off&#8221; global_module=&#8221;3610&#8243; saved_tabs=&#8221;all&#8221; global_colors_info=&#8221;{}&#8221;][\/et_pb_fullwidth_image][et_pb_fullwidth_header title=&#8221;L\u2019Angoisse du paradis&#8221; subhead=&#8221;Roman qu\u00e9b\u00e9cois&#8221; _builder_version=&#8221;4.21.0&#8243; title_font=&#8221;|on|||&#8221; subhead_font_size=&#8221;24px&#8221; background_color=&#8221;#333333&#8243; max_width_tablet=&#8221;50px&#8221; global_colors_info=&#8221;{}&#8221; button_one_text_size__hover_enabled=&#8221;off&#8221; button_two_text_size__hover_enabled=&#8221;off&#8221; button_one_text_color__hover_enabled=&#8221;off&#8221; button_two_text_color__hover_enabled=&#8221;off&#8221; button_one_border_width__hover_enabled=&#8221;off&#8221; button_two_border_width__hover_enabled=&#8221;off&#8221; button_one_border_color__hover_enabled=&#8221;off&#8221; button_two_border_color__hover_enabled=&#8221;off&#8221; button_one_border_radius__hover_enabled=&#8221;off&#8221; button_two_border_radius__hover_enabled=&#8221;off&#8221; button_one_letter_spacing__hover_enabled=&#8221;off&#8221; button_two_letter_spacing__hover_enabled=&#8221;off&#8221; button_one_bg_color__hover_enabled=&#8221;off&#8221; button_two_bg_color__hover_enabled=&#8221;off&#8221;][\/et_pb_fullwidth_header][\/et_pb_section][et_pb_section fb_built=&#8221;1&#8243; _builder_version=&#8221;4.27.4&#8243; _module_preset=&#8221;default&#8221; background_color=&#8221;#f5f5f5&#8243; custom_margin=&#8221;||||false|false&#8221; custom_padding=&#8221;||||true|false&#8221; locked=&#8221;off&#8221; global_colors_info=&#8221;{}&#8221;][et_pb_row _builder_version=&#8221;4.27.4&#8243; _module_preset=&#8221;default&#8221; custom_margin=&#8221;0px|auto|0px|auto|false|false&#8221; custom_padding=&#8221;0px||0px||false|false&#8221; global_colors_info=&#8221;{}&#8221;][et_pb_column type=&#8221;4_4&#8243; _builder_version=&#8221;4.27.5&#8243; _module_preset=&#8221;default&#8221; global_colors_info=&#8221;{}&#8221;][et_pb_text admin_label=&#8221;Intro&#8221; _builder_version=&#8221;4.27.4&#8243; _module_preset=&#8221;default&#8221; text_font_size=&#8221;24px&#8221; custom_padding=&#8221;0px||0px||true|false&#8221; hover_enabled=&#8221;0&#8243; global_colors_info=&#8221;{}&#8221; sticky_enabled=&#8221;0&#8243;]<\/p>\n<p>Ivan Zolotov na\u00eet \u00e0 Gorki en 1940. \u00c0 trois ans, l&#8217;historien et professeur d&#8217;histoire en devenir appuie sur le bouton d\u00e9clencheur de son premier silence d&#8217;impact. \u00c0 neuf ans, au parc d&#8217;attractions Karl-Marx, il hurle sa mort de peur, bien agripp\u00e9 au wagon de t\u00eate de la Terreur de Gorki. Adulte, entre Lyon et Montreux, il d\u00e9couvre les fabuleuses prestidigitations du Cirque Volant. \u00c0 Cuba, la statue d&#8217;une vierge enceinte. Il enseigne \u00e0 Barcelone, l\u00e0 o\u00f9 \u00e0 l&#8217;ombre des Jeux olympiques, il devient t\u00e9moin privil\u00e9gi\u00e9 de la cons\u00e9cration plan\u00e9taire de la Toile invisible.<\/p>\n<p>[\/et_pb_text][et_pb_button button_url=&#8221;\/wp-content\/uploads\/2020\/12\/Yann-Fortier-Dossier-de-presse.pdf&#8221; button_text=&#8221;T\u00e9l\u00e9charger le dossier de presse&#8221; admin_label=&#8221;T\u00e9l\u00e9charger le dossier de presse&#8221; _builder_version=&#8221;4.16&#8243; _module_preset=&#8221;default&#8221; custom_button=&#8221;on&#8221; button_text_color=&#8221;#ef4937&#8243; button_border_color=&#8221;#ef4937&#8243; button_icon_color=&#8221;#ef4937&#8243; button_on_hover=&#8221;off&#8221; global_colors_info=&#8221;{}&#8221;][\/et_pb_button][\/et_pb_column][\/et_pb_row][\/et_pb_section][et_pb_section fb_built=&#8221;1&#8243; admin_label=&#8221;section&#8221; _builder_version=&#8221;4.16&#8243; global_colors_info=&#8221;{}&#8221;][et_pb_row column_structure=&#8221;2_3,1_3&#8243; admin_label=&#8221;row&#8221; _builder_version=&#8221;4.16&#8243; background_size=&#8221;initial&#8221; background_position=&#8221;top_left&#8221; background_repeat=&#8221;repeat&#8221; global_colors_info=&#8221;{}&#8221;][et_pb_column type=&#8221;2_3&#8243; _builder_version=&#8221;4.16&#8243; custom_padding=&#8221;|||&#8221; global_colors_info=&#8221;{}&#8221; custom_padding__hover=&#8221;|||&#8221;][et_pb_text admin_label=&#8221;Texte&#8221; _builder_version=&#8221;4.27.4&#8243; text_text_color=&#8221;#333333&#8243; text_font_size=&#8221;18&#8243; text_line_height=&#8221;1.8em&#8221; background_size=&#8221;initial&#8221; background_position=&#8221;top_left&#8221; background_repeat=&#8221;repeat&#8221; z_index_tablet=&#8221;500&#8243; use_border_color=&#8221;off&#8221; global_colors_info=&#8221;{}&#8221;]<\/p>\n<p>En retrait du temps qui passe, \u00e0 cheval sur deux si\u00e8cles, Zolotov est ici \u00e0 v\u00e9lo, l\u00e0 au fond de l&#8217;eau ou encore assis sur les \u00e9paules de son p\u00e8re, sous-secr\u00e9taire chez GAZ, tandem tentant d&#8217;apercevoir Staline, m\u00eame de loin, couper le ruban inaugural de la cath\u00e9drale AGROGORKI. C&#8217;est depuis la cabine d&#8217;un poids lourd que Zolotov d\u00e9couvre les talents du patriarche d&#8217;une imm\u00e9moriale lign\u00e9e de romanichels roumains, le grand Nic Nicolo, p\u00e8re d&#8217;une adolescente \u00e0 la t\u00eate d&#8217;un \u00e9cosyst\u00e8me commercial ferm\u00e9, r\u00e9seau prosp\u00e9rant entre le McDonald&#8217;s de Lausanne et le riche manoir d&#8217;Emma de Gaspi\u00e8re. Entre micror\u00e9alisme, postnostalgie et r\u00e9flexions suspectes, <em>L&#8217;Angoisse du paradis<\/em> est un roman.<\/p>\n<h2><strong>Prix et distinctions<\/strong><\/h2>\n<p>En 2017, le roman <em>L&#8217;Angoisse du paradis<\/em> s&#8217;est m\u00e9rit\u00e9 le prix <a href=\"http:\/\/www.amopa.asso.fr\/yann-fortier.htm\">ADELF-AMOPA<\/a> du premier roman francophone. Il a \u00e9t\u00e9<a href=\"https:\/\/www.leslibraires.ca\/thematique\/les-finalistes-du-prix-senghor-du-719\/\"> finaliste au prix Senghor<\/a> du roman francophone et francophile et pr\u00e9s\u00e9lectionn\u00e9 pour le Prix du premier roman de Chamb\u00e9ry.<\/p>\n<p>[\/et_pb_text][et_pb_text admin_label=&#8221;Critiques m\u00e9dias&#8221; _builder_version=&#8221;4.27.4&#8243; _module_preset=&#8221;default&#8221; global_colors_info=&#8221;{}&#8221;]<\/p>\n<h2><strong>Critiques m\u00e9dias<\/strong><\/h2>\n<blockquote>\n<p><em>\u00ab C\u2019est extr\u00eamement dr\u00f4le, j\u2019ai vraiment beaucoup aim\u00e9. \u00bb<\/em><br \/>\u2013 ICI Radio-Canada Premi\u00e8re (radio),\u00a0<em>Plus on est de fous, plus on lit!,\u00a0<\/em><a title=\"Critique par Ogden Ridjanovic\" href=\"http:\/\/ici.radio-canada.ca\/emissions\/lib_radio\/v3.1\/incpages\/pop_indexeur.asp?idMedia=7373074&amp;appCode=medianet&amp;time=1802&amp;json=%7b%22idEmission%22:%223471436%22,%22Date%22:%222015\/11\/16%22,%22numeroEmission%22:%223508%22,%22urllabase%22:%22\/emissions\/plus_on_est_de_fous_plus_on_lit\/2012-2013%22%7d\">critique<\/a>\u00a0par Ogden Ridjanovic<\/p>\n<p><em>\u00ab Le premier roman de Yann Fortier monte \u00e0 des hauteurs vertigineuses et redescend \u00e0 toute vitesse, sans jamais laisser de r\u00e9pit. On en reste \u00e9chevel\u00e9, \u00e9tourdi, gris\u00e9. \u00bb<\/em><br \/>\u2013\u00a0<em>L\u2019actualit\u00e9<\/em>\u00a0(magazine),\u00a0<a title=\"Critique par Martine Desjardins\" href=\"http:\/\/www.lactualite.com\/culture\/la-vitrine-du-livre\/\">critique<\/a>\u00a0par Martine Desjardins<\/p>\n<p><em>\u00ab L\u2019angoisse du paradis s\u2019av\u00e8re une mosa\u00efque d\u00e9licieusement absurde, fabuleusement intelligente, servie par une plume g\u00e9n\u00e9reuse, aux accents d\u00e9jant\u00e9s. Un plaisir de lecture, rafra\u00eechissant. \u00bb<\/em><br \/>\u2013\u00a0<em>Les Libraires<\/em>\u00a0(magazine),\u00a0<a title=\"Critique par Chantal Fontaine\" href=\"http:\/\/revue.leslibraires.ca\/actualites\/les-libraires-conseillent\/les-libraires-conseillent-selection-de-fevrier-2016\">critique<\/a>\u00a0par Chantal Fontaine<\/p>\n<p><em>\u00ab Un premier roman libre. \u00bb<\/em><br \/>\u2013\u00a0<em>La Presse<\/em>\u00a0(quotidien),\u00a0<a title=\"Entrevue par Mario Cloutier\" href=\"http:\/\/www.lapresse.ca\/arts\/livres\/romans-quebecois\/201511\/26\/01-4925067-yann-fortier-zone-franche.php\">entrevue<\/a>\u00a0par Mario Cloutier<\/p>\n<p><em>\u00ab Ouvert sur le monde. \u00bb<\/em><br \/>\u2013\u00a0<em>Huffington Post\u00a0<\/em>(web),\u00a0<a title=\"Entrevue par Samuel Larochelle\" href=\"http:\/\/quebec.huffingtonpost.ca\/2015\/12\/10\/angoisse-du-paradis-yann-fortier-entrevue-_n_8775438.html\">entrevue<\/a>\u00a0par Samuel Larochelle<\/p>\n<p><em>\u00ab Un roman \u00e0 la Bowie \u00bb<\/em><br \/>\u2013\u00a0<em>La librairie francophone<\/em>\u00a0(Radio, FranceInter\/RTBF\/RTS et ICI Radio-Canada),\u00a0<a title=\"\" href=\"http:\/\/www.franceinter.fr\/emission-la-librairie-francophone-yann-fortier-scholastique-mukasonga-et-un-hommage-a-michel-galabru\">entrevue<\/a>\u00a0par Emmanuel Kh\u00e9rad<\/p>\n<p><em>\u00ab Un premier roman original qui fourmille de d\u00e9tails, dans une \u00e9criture \u00e9patante habit\u00e9e par une d\u00e9licate ironie.\u00a0\u00bb<\/em><br \/>\u2013\u00a0<em>Nightlife.ca\u00a0<\/em>(web),\u00a0<a href=\"http:\/\/www.nightlife.ca\/2015\/11\/25\/6-livres-moi-de-moi-pour-le-temps-des-fetes\">critique<\/a>\u00a0par Roxanne Rheault-Leblanc<\/p>\n<p><em>\u00ab\u00a0Sa relation avec les histoires et les mots en est une d\u2019amusement \u2013 un regard ludique qui colore sa plume habile et la richesse de sa langue. Un don naturel pour l\u2019\u00e9criture qu\u2019il est d\u00e9j\u00e0 en train d\u2019exploiter pour la r\u00e9daction de son deuxi\u00e8me roman et, esp\u00e9rons-le, plusieurs autres\u2026\u00a0\u00bb<\/em><br \/>\u2013\u00a0<em>Page par page <\/em>(web),\u00a0<a href=\"http:\/\/pageparpage.com\/rencontre-yann-fortier-auteur-non-conventionnel\/\">critique<\/a>\u00a0et entrevue par Camilla Sironi<\/p>\n<\/blockquote>\n<p>[\/et_pb_text][\/et_pb_column][et_pb_column type=&#8221;1_3&#8243; _builder_version=&#8221;4.16&#8243; custom_padding=&#8221;|||&#8221; global_colors_info=&#8221;{}&#8221; custom_padding__hover=&#8221;|||&#8221;][et_pb_image src=&#8221;https:\/\/yannfortier.ca\/wp-content\/uploads\/2020\/12\/Angoisse-du-paradis.jpg&#8221; alt=&#8221;L&#8217;Angoisse du paradis (page couverture)&#8221; title_text=&#8221;Angoisse-du-paradis&#8221; align_tablet=&#8221;center&#8221; align_phone=&#8221;&#8221; align_last_edited=&#8221;on|desktop&#8221; admin_label=&#8221;Page couverture&#8221; _builder_version=&#8221;4.16&#8243; use_border_color=&#8221;off&#8221; global_colors_info=&#8221;{}&#8221;]<\/p>\n<p>&nbsp;<\/p>\n<p>[\/et_pb_image][et_pb_text admin_label=&#8221;Info&#8221; _builder_version=&#8221;4.16&#8243; _module_preset=&#8221;default&#8221; global_colors_info=&#8221;{}&#8221;]<\/p>\n<p>Auteur : Yann Fortier<br \/>Ann\u00e9e de publication : 2015<br \/>\u00c9d. Marchand de feuilles<br \/>Prix : 24,95 $ CAD<br \/>ISBN : 9782923896526<\/p>\n<p>[\/et_pb_text][et_pb_button button_url=&#8221;https:\/\/www.leslibraires.ca\/livres\/l-angoisse-du-paradis-yann-fortier-9782923896526.html&#8221; button_text=&#8221;Commander&#8221; admin_label=&#8221;Commander&#8221; _builder_version=&#8221;4.16&#8243; _module_preset=&#8221;default&#8221; custom_button=&#8221;on&#8221; button_text_color=&#8221;#ef4937&#8243; button_border_color=&#8221;#ef4937&#8243; button_icon_color=&#8221;#ef4937&#8243; button_on_hover=&#8221;off&#8221; global_colors_info=&#8221;{}&#8221;][\/et_pb_button][\/et_pb_column][\/et_pb_row][\/et_pb_section]<\/p>\n","protected":false},"excerpt":{"rendered":"<p>L\u2019auteur Yann Fortier publie en 2015 son premier roman, laur\u00e9at du prix Adelf-Amopa de la premi\u00e8re \u0153uvre litt\u00e9raire francophone.<\/p>\n","protected":false},"author":2,"featured_media":1921,"parent":0,"menu_order":7,"comment_status":"closed","ping_status":"closed","template":"","meta":{"_acf_changed":false,"_et_pb_use_builder":"on","_et_pb_old_content":"","_et_gb_content_width":"","inline_featured_image":false,"footnotes":""},"class_list":["post-1401","page","type-page","status-publish","has-post-thumbnail","hentry"],"acf":[],"yoast_head":"<!-- This site is optimized with the Yoast SEO plugin v27.5 - https:\/\/yoast.com\/product\/yoast-seo-wordpress\/ -->\n<title>Yann Fortier | Roman | L\u2019Angoisse du paradis<\/title>\n<meta name=\"description\" content=\"L\u2019auteur Yann Fortier publie en 2015 son premier roman, laur\u00e9at du prix Adelf-Amopa de la premi\u00e8re \u0153uvre litt\u00e9raire francophone.\" \/>\n<meta name=\"robots\" content=\"index, follow, max-snippet:-1, max-image-preview:large, max-video-preview:-1\" \/>\n<link rel=\"canonical\" href=\"https:\/\/yannfortier.ca\/en\/roman-quebecois\/angoisse-du-paradis\/\" \/>\n<meta property=\"og:locale\" content=\"en_US\" \/>\n<meta property=\"og:type\" content=\"article\" \/>\n<meta property=\"og:title\" content=\"Yann Fortier | Roman | L\u2019Angoisse du paradis\" \/>\n<meta property=\"og:description\" content=\"L\u2019auteur Yann Fortier publie en 2015 son premier roman, laur\u00e9at du prix Adelf-Amopa de la premi\u00e8re \u0153uvre litt\u00e9raire francophone.\" \/>\n<meta property=\"og:url\" content=\"https:\/\/yannfortier.ca\/roman-quebecois\/angoisse-du-paradis\/\" \/>\n<meta property=\"og:site_name\" content=\"Yann Fortier\" \/>\n<meta property=\"article:modified_time\" content=\"2026-02-04T00:44:12+00:00\" \/>\n<meta property=\"og:image\" content=\"https:\/\/yannfortier.ca\/wp-content\/uploads\/2020\/12\/Angoisse-du-paradis.jpg\" \/>\n\t<meta property=\"og:image:width\" content=\"400\" \/>\n\t<meta property=\"og:image:height\" content=\"800\" \/>\n\t<meta property=\"og:image:type\" content=\"image\/jpeg\" \/>\n<meta name=\"twitter:card\" content=\"summary_large_image\" \/>\n<meta name=\"twitter:label1\" content=\"Est. reading time\" \/>\n\t<meta name=\"twitter:data1\" content=\"6 minutes\" \/>\n<!-- \/ Yoast SEO plugin. -->","yoast_head_json":{"title":"Yann Fortier | Roman | L\u2019Angoisse du paradis","description":"L\u2019auteur Yann Fortier publie en 2015 son premier roman, laur\u00e9at du prix Adelf-Amopa de la premi\u00e8re \u0153uvre litt\u00e9raire francophone.","robots":{"index":"index","follow":"follow","max-snippet":"max-snippet:-1","max-image-preview":"max-image-preview:large","max-video-preview":"max-video-preview:-1"},"canonical":"https:\/\/yannfortier.ca\/en\/roman-quebecois\/angoisse-du-paradis\/","og_locale":"en_US","og_type":"article","og_title":"Yann Fortier | Roman | L\u2019Angoisse du paradis","og_description":"L\u2019auteur Yann Fortier publie en 2015 son premier roman, laur\u00e9at du prix Adelf-Amopa de la premi\u00e8re \u0153uvre litt\u00e9raire francophone.","og_url":"https:\/\/yannfortier.ca\/roman-quebecois\/angoisse-du-paradis\/","og_site_name":"Yann Fortier","article_modified_time":"2026-02-04T00:44:12+00:00","og_image":[{"width":400,"height":800,"url":"https:\/\/yannfortier.ca\/wp-content\/uploads\/2020\/12\/Angoisse-du-paradis.jpg","type":"image\/jpeg"}],"twitter_card":"summary_large_image","twitter_misc":{"Est. reading time":"6 minutes"},"schema":{"@context":"https:\/\/schema.org","@graph":[{"@type":"WebPage","@id":"https:\/\/yannfortier.ca\/roman-quebecois\/angoisse-du-paradis\/","url":"https:\/\/yannfortier.ca\/roman-quebecois\/angoisse-du-paradis\/","name":"Yann Fortier | Roman | L\u2019Angoisse du paradis","isPartOf":{"@id":"https:\/\/yannfortier.ca\/en\/#website"},"primaryImageOfPage":{"@id":"https:\/\/yannfortier.ca\/roman-quebecois\/angoisse-du-paradis\/#primaryimage"},"image":{"@id":"https:\/\/yannfortier.ca\/roman-quebecois\/angoisse-du-paradis\/#primaryimage"},"thumbnailUrl":"https:\/\/yannfortier.ca\/wp-content\/uploads\/2020\/12\/Angoisse-du-paradis.jpg","datePublished":"2020-04-10T21:15:29+00:00","dateModified":"2026-02-04T00:44:12+00:00","description":"L\u2019auteur Yann Fortier publie en 2015 son premier roman, laur\u00e9at du prix Adelf-Amopa de la premi\u00e8re \u0153uvre litt\u00e9raire francophone.","breadcrumb":{"@id":"https:\/\/yannfortier.ca\/roman-quebecois\/angoisse-du-paradis\/#breadcrumb"},"inLanguage":"en-US","potentialAction":[{"@type":"ReadAction","target":["https:\/\/yannfortier.ca\/roman-quebecois\/angoisse-du-paradis\/"]}]},{"@type":"ImageObject","inLanguage":"en-US","@id":"https:\/\/yannfortier.ca\/roman-quebecois\/angoisse-du-paradis\/#primaryimage","url":"https:\/\/yannfortier.ca\/wp-content\/uploads\/2020\/12\/Angoisse-du-paradis.jpg","contentUrl":"https:\/\/yannfortier.ca\/wp-content\/uploads\/2020\/12\/Angoisse-du-paradis.jpg","width":400,"height":800,"caption":"L'Angoisse du paradis (page couverture)"},{"@type":"BreadcrumbList","@id":"https:\/\/yannfortier.ca\/roman-quebecois\/angoisse-du-paradis\/#breadcrumb","itemListElement":[{"@type":"ListItem","position":1,"name":"Home","item":"https:\/\/yannfortier.ca\/en\/"},{"@type":"ListItem","position":2,"name":"L\u2019Angoisse du paradis"}]},{"@type":"WebSite","@id":"https:\/\/yannfortier.ca\/en\/#website","url":"https:\/\/yannfortier.ca\/en\/","name":"Yann Fortier","description":"Strategy | Copywriting | Translation","publisher":{"@id":"https:\/\/yannfortier.ca\/en\/#\/schema\/person\/ef3d5fcd9716f974af4441b3e6f585b8"},"potentialAction":[{"@type":"SearchAction","target":{"@type":"EntryPoint","urlTemplate":"https:\/\/yannfortier.ca\/en\/?s={search_term_string}"},"query-input":{"@type":"PropertyValueSpecification","valueRequired":true,"valueName":"search_term_string"}}],"inLanguage":"en-US"},{"@type":["Person","Organization"],"@id":"https:\/\/yannfortier.ca\/en\/#\/schema\/person\/ef3d5fcd9716f974af4441b3e6f585b8","name":"Yann Fortier","image":{"@type":"ImageObject","inLanguage":"en-US","@id":"https:\/\/yannfortier.ca\/wp-content\/uploads\/2025\/09\/Yann-Fortier-2025-nb-photo-Vivien-Gaumand-4x5-1.webp","url":"https:\/\/yannfortier.ca\/wp-content\/uploads\/2025\/09\/Yann-Fortier-2025-nb-photo-Vivien-Gaumand-4x5-1.webp","contentUrl":"https:\/\/yannfortier.ca\/wp-content\/uploads\/2025\/09\/Yann-Fortier-2025-nb-photo-Vivien-Gaumand-4x5-1.webp","width":1000,"height":1250,"caption":"Yann Fortier"},"logo":{"@id":"https:\/\/yannfortier.ca\/wp-content\/uploads\/2025\/09\/Yann-Fortier-2025-nb-photo-Vivien-Gaumand-4x5-1.webp"}}]}},"_links":{"self":[{"href":"https:\/\/yannfortier.ca\/en\/wp-json\/wp\/v2\/pages\/1401","targetHints":{"allow":["GET"]}}],"collection":[{"href":"https:\/\/yannfortier.ca\/en\/wp-json\/wp\/v2\/pages"}],"about":[{"href":"https:\/\/yannfortier.ca\/en\/wp-json\/wp\/v2\/types\/page"}],"author":[{"embeddable":true,"href":"https:\/\/yannfortier.ca\/en\/wp-json\/wp\/v2\/users\/2"}],"replies":[{"embeddable":true,"href":"https:\/\/yannfortier.ca\/en\/wp-json\/wp\/v2\/comments?post=1401"}],"version-history":[{"count":0,"href":"https:\/\/yannfortier.ca\/en\/wp-json\/wp\/v2\/pages\/1401\/revisions"}],"wp:featuredmedia":[{"embeddable":true,"href":"https:\/\/yannfortier.ca\/en\/wp-json\/wp\/v2\/media\/1921"}],"wp:attachment":[{"href":"https:\/\/yannfortier.ca\/en\/wp-json\/wp\/v2\/media?parent=1401"}],"curies":[{"name":"wp","href":"https:\/\/api.w.org\/{rel}","templated":true}]}}