{"id":1159,"date":"2019-05-08T14:48:20","date_gmt":"2019-05-08T18:48:20","guid":{"rendered":"https:\/\/yannfortier.ca\/blog\/"},"modified":"2026-02-23T10:56:56","modified_gmt":"2026-02-23T15:56:56","slug":"blog","status":"publish","type":"page","link":"https:\/\/yannfortier.ca\/en\/blog\/","title":{"rendered":"Blog"},"content":{"rendered":"<p>[et_pb_section fb_built=&#8221;1&#8243; fullwidth=&#8221;on&#8221; admin_label=&#8221;Blog Header&#8221; _builder_version=&#8221;4.25.0&#8243; background_enable_image=&#8221;off&#8221; global_module=&#8221;3562&#8243; global_colors_info=&#8221;{}&#8221;][et_pb_fullwidth_image alt=&#8221;R\u00e9dacteur pigiste et coach en r\u00e9daction \u00e0 Montr\u00e9al&#8221; title_text=&#8221;Yann Fortier est un r\u00e9dacteur pigiste \u00e0 Montr\u00e9al&#8221; disabled_on=&#8221;off|off|off&#8221; _builder_version=&#8221;4.25.0&#8243; background_image=&#8221;https:\/\/yannfortier.ca\/wp-content\/uploads\/2016\/02\/dome-1.jpg&#8221; parallax=&#8221;on&#8221; module_alignment=&#8221;left&#8221; min_height=&#8221;336px&#8221; min_height_tablet=&#8221;336px&#8221; min_height_phone=&#8221;300px&#8221; min_height_last_edited=&#8221;on|phone&#8221; animation_style=&#8221;fade&#8221; animation_duration=&#8221;500ms&#8221; z_index_tablet=&#8221;500&#8243; module_alignment_tablet=&#8221;&#8221; module_alignment_phone=&#8221;&#8221; module_alignment_last_edited=&#8221;on|phone&#8221; use_border_color=&#8221;off&#8221; global_colors_info=&#8221;{}&#8221;][\/et_pb_fullwidth_image][et_pb_fullwidth_header title=&#8221;Blog&#8221; subhead=&#8221;Observations and insights about content, copywriting and the French language&#8221; content_max_width=&#8221;none&#8221; admin_label=&#8221;Text&#8221; _builder_version=&#8221;4.27.4&#8243; title_font=&#8221;|700|||||||&#8221; content_font_size=&#8221;24px&#8221; subhead_font_size=&#8221;24px&#8221; background_color=&#8221;#333333&#8243; button_one_letter_spacing_hover=&#8221;0&#8243; button_two_letter_spacing_hover=&#8221;0&#8243; global_colors_info=&#8221;{}&#8221; button_one_text_size__hover_enabled=&#8221;off&#8221; button_two_text_size__hover_enabled=&#8221;off&#8221; button_one_text_color__hover_enabled=&#8221;off&#8221; button_two_text_color__hover_enabled=&#8221;off&#8221; button_one_border_width__hover_enabled=&#8221;off&#8221; button_two_border_width__hover_enabled=&#8221;off&#8221; button_one_border_color__hover_enabled=&#8221;off&#8221; button_two_border_color__hover_enabled=&#8221;off&#8221; button_one_border_radius__hover_enabled=&#8221;off&#8221; button_two_border_radius__hover_enabled=&#8221;off&#8221; button_one_letter_spacing__hover_enabled=&#8221;on&#8221; button_one_letter_spacing__hover=&#8221;0&#8243; button_two_letter_spacing__hover_enabled=&#8221;on&#8221; button_two_letter_spacing__hover=&#8221;0&#8243; button_one_bg_color__hover_enabled=&#8221;off&#8221; button_two_bg_color__hover_enabled=&#8221;off&#8221;][\/et_pb_fullwidth_header][\/et_pb_section][et_pb_section fb_built=&#8221;1&#8243; _builder_version=&#8221;4.16&#8243; global_colors_info=&#8221;{}&#8221;][et_pb_row _builder_version=&#8221;4.16&#8243; background_size=&#8221;initial&#8221; background_position=&#8221;top_left&#8221; background_repeat=&#8221;repeat&#8221; global_colors_info=&#8221;{}&#8221;][et_pb_column type=&#8221;4_4&#8243; _builder_version=&#8221;4.16&#8243; custom_padding=&#8221;|||&#8221; global_colors_info=&#8221;{}&#8221; custom_padding__hover=&#8221;|||&#8221;][et_pb_blog meta_date=&#8221;F j, Y&#8221; show_thumbnail=&#8221;off&#8221; show_more=&#8221;on&#8221; show_author=&#8221;off&#8221; show_categories=&#8221;off&#8221; _builder_version=&#8221;4.27.4&#8243; _module_preset=&#8221;default&#8221; hover_enabled=&#8221;0&#8243; global_colors_info=&#8221;{}&#8221; include_categories=&#8221;22&#8243; show_date=&#8221;off&#8221; sticky_enabled=&#8221;0&#8243;][\/et_pb_blog][\/et_pb_column][\/et_pb_row][\/et_pb_section]<\/p>\n","protected":false},"excerpt":{"rendered":"","protected":false},"author":2,"featured_media":0,"parent":0,"menu_order":0,"comment_status":"closed","ping_status":"closed","template":"","meta":{"_acf_changed":false,"_et_pb_use_builder":"on","_et_pb_old_content":"","_et_gb_content_width":"","inline_featured_image":false,"footnotes":""},"class_list":["post-1159","page","type-page","status-publish","hentry"],"acf":[],"yoast_head":"<!-- This site is optimized with the Yoast SEO plugin v27.5 - https:\/\/yoast.com\/product\/yoast-seo-wordpress\/ -->\n<title>Yann Fortier | Freelance French-language copywriter and translator | Blog<\/title>\n<meta name=\"description\" content=\"You&#039;ll find here some observations and insights about content, copywriting and the French language. Also some hacks and interviews.\" \/>\n<meta name=\"robots\" content=\"index, follow, max-snippet:-1, max-image-preview:large, max-video-preview:-1\" \/>\n<link rel=\"canonical\" href=\"https:\/\/yannfortier.ca\/en\/blog\/\" \/>\n<meta property=\"og:locale\" content=\"en_US\" \/>\n<meta property=\"og:type\" content=\"article\" \/>\n<meta property=\"og:title\" content=\"Yann Fortier | Freelance French-language copywriter and translator | Blog\" \/>\n<meta property=\"og:description\" content=\"You&#039;ll find here some observations and insights about content, copywriting and the French language. Also some hacks and interviews.\" \/>\n<meta property=\"og:url\" content=\"https:\/\/yannfortier.ca\/en\/blog\/\" \/>\n<meta property=\"og:site_name\" content=\"Yann Fortier\" \/>\n<meta property=\"article:modified_time\" content=\"2026-02-23T15:56:56+00:00\" \/>\n<meta name=\"twitter:card\" content=\"summary_large_image\" \/>\n<meta name=\"twitter:label1\" content=\"Est. reading time\" \/>\n\t<meta name=\"twitter:data1\" content=\"2 minutes\" \/>\n<!-- \/ Yoast SEO plugin. -->","yoast_head_json":{"title":"Yann Fortier | Freelance French-language copywriter and translator | Blog","description":"You'll find here some observations and insights about content, copywriting and the French language. Also some hacks and interviews.","robots":{"index":"index","follow":"follow","max-snippet":"max-snippet:-1","max-image-preview":"max-image-preview:large","max-video-preview":"max-video-preview:-1"},"canonical":"https:\/\/yannfortier.ca\/en\/blog\/","og_locale":"en_US","og_type":"article","og_title":"Yann Fortier | Freelance French-language copywriter and translator | Blog","og_description":"You'll find here some observations and insights about content, copywriting and the French language. Also some hacks and interviews.","og_url":"https:\/\/yannfortier.ca\/en\/blog\/","og_site_name":"Yann Fortier","article_modified_time":"2026-02-23T15:56:56+00:00","twitter_card":"summary_large_image","twitter_misc":{"Est. reading time":"2 minutes"},"schema":{"@context":"https:\/\/schema.org","@graph":[{"@type":"WebPage","@id":"https:\/\/yannfortier.ca\/en\/blog\/","url":"https:\/\/yannfortier.ca\/en\/blog\/","name":"Yann Fortier | Freelance French-language copywriter and translator | Blog","isPartOf":{"@id":"https:\/\/yannfortier.ca\/en\/#website"},"datePublished":"2019-05-08T18:48:20+00:00","dateModified":"2026-02-23T15:56:56+00:00","description":"You'll find here some observations and insights about content, copywriting and the French language. Also some hacks and interviews.","breadcrumb":{"@id":"https:\/\/yannfortier.ca\/en\/blog\/#breadcrumb"},"inLanguage":"en-US","potentialAction":[{"@type":"ReadAction","target":["https:\/\/yannfortier.ca\/en\/blog\/"]}]},{"@type":"BreadcrumbList","@id":"https:\/\/yannfortier.ca\/en\/blog\/#breadcrumb","itemListElement":[{"@type":"ListItem","position":1,"name":"Home","item":"https:\/\/yannfortier.ca\/en\/"},{"@type":"ListItem","position":2,"name":"Blog"}]},{"@type":"WebSite","@id":"https:\/\/yannfortier.ca\/en\/#website","url":"https:\/\/yannfortier.ca\/en\/","name":"Yann Fortier","description":"Strategy | Copywriting | Translation","publisher":{"@id":"https:\/\/yannfortier.ca\/en\/#\/schema\/person\/ef3d5fcd9716f974af4441b3e6f585b8"},"potentialAction":[{"@type":"SearchAction","target":{"@type":"EntryPoint","urlTemplate":"https:\/\/yannfortier.ca\/en\/?s={search_term_string}"},"query-input":{"@type":"PropertyValueSpecification","valueRequired":true,"valueName":"search_term_string"}}],"inLanguage":"en-US"},{"@type":["Person","Organization"],"@id":"https:\/\/yannfortier.ca\/en\/#\/schema\/person\/ef3d5fcd9716f974af4441b3e6f585b8","name":"Yann Fortier","image":{"@type":"ImageObject","inLanguage":"en-US","@id":"https:\/\/yannfortier.ca\/wp-content\/uploads\/2025\/09\/Yann-Fortier-2025-nb-photo-Vivien-Gaumand-4x5-1.webp","url":"https:\/\/yannfortier.ca\/wp-content\/uploads\/2025\/09\/Yann-Fortier-2025-nb-photo-Vivien-Gaumand-4x5-1.webp","contentUrl":"https:\/\/yannfortier.ca\/wp-content\/uploads\/2025\/09\/Yann-Fortier-2025-nb-photo-Vivien-Gaumand-4x5-1.webp","width":1000,"height":1250,"caption":"Yann Fortier"},"logo":{"@id":"https:\/\/yannfortier.ca\/wp-content\/uploads\/2025\/09\/Yann-Fortier-2025-nb-photo-Vivien-Gaumand-4x5-1.webp"}}]}},"_links":{"self":[{"href":"https:\/\/yannfortier.ca\/en\/wp-json\/wp\/v2\/pages\/1159","targetHints":{"allow":["GET"]}}],"collection":[{"href":"https:\/\/yannfortier.ca\/en\/wp-json\/wp\/v2\/pages"}],"about":[{"href":"https:\/\/yannfortier.ca\/en\/wp-json\/wp\/v2\/types\/page"}],"author":[{"embeddable":true,"href":"https:\/\/yannfortier.ca\/en\/wp-json\/wp\/v2\/users\/2"}],"replies":[{"embeddable":true,"href":"https:\/\/yannfortier.ca\/en\/wp-json\/wp\/v2\/comments?post=1159"}],"version-history":[{"count":0,"href":"https:\/\/yannfortier.ca\/en\/wp-json\/wp\/v2\/pages\/1159\/revisions"}],"wp:attachment":[{"href":"https:\/\/yannfortier.ca\/en\/wp-json\/wp\/v2\/media?parent=1159"}],"curies":[{"name":"wp","href":"https:\/\/api.w.org\/{rel}","templated":true}]}}